{"id":6162,"date":"2025-09-29T21:56:56","date_gmt":"2025-09-29T21:56:56","guid":{"rendered":"https:\/\/www.kiddoo.ee\/?post_type=product&#038;p=6162"},"modified":"2026-03-23T17:15:30","modified_gmt":"2026-03-23T17:15:30","slug":"narimislelud-lapsele-kaks-silikoonist-lelu-ohutud-ja-beebisobralikud","status":"publish","type":"product","link":"https:\/\/www.kiddoo.ee\/en\/product\/narimislelud-lapsele-kaks-silikoonist-lelu-ohutud-ja-beebisobralikud\/","title":{"rendered":"N\u00e4rimislelud lapsele Tibu \u2013 kaks silikoonist lelu, ohutud ja praktilised"},"content":{"rendered":"<p data-start=\"899\" data-end=\"1267\">N\u00e4rimislelude komplekt sisaldab <strong data-start=\"931\" data-end=\"983\">kaks erineva disaini ja v\u00e4rviga silikoonist lelu<\/strong>, mis on spetsiaalselt m\u00f5eldud beebi v\u00e4ikestele k\u00e4tele ja suule. Tooted on valmistatud <strong data-start=\"1070\" data-end=\"1110\">toidun\u00f5udes kasutatavast silikoonist<\/strong>, mis on <strong data-start=\"1119\" data-end=\"1138\">mitte toksiline<\/strong> ja lapsele ohutu. Erinevad tekstuurid masseerivad \u00f5rnalt lapse igemeid, aidates leevendada l\u00f5ikehammastega seotud ebamugavust.<\/p>\n<p data-start=\"1269\" data-end=\"1508\">N\u00e4rimislelusid v\u00f5ib asetada <strong data-start=\"1297\" data-end=\"1310\">k\u00fclmkappi<\/strong>, et saavutada jahutav efekt, mis aitab veelgi paremini igemete hellust leevendada. Komplekt on praktiline, vastupidav ja ergonoomiline, pakkudes mugavat ja l\u00f5busat kogemust igap\u00e4evases kasutuses.<\/p>\n<p data-start=\"1510\" data-end=\"1724\">Toote hooldus on lihtne \u2013 pese <strong data-start=\"1541\" data-end=\"1572\">\u00f5rnatoimelise pesuvahendiga<\/strong> ja loputa enne esmast kasutamist. Kasutamisel on alati vajalik <strong data-start=\"1636\" data-end=\"1659\">vanemlik j\u00e4relvalve<\/strong>. Igasuguse defekti ilmnemisel tuleb toote kasutamine l\u00f5petada.<\/p>\n<p data-start=\"1726\" data-end=\"1892\">See komplekt on ideaalne kingitus ja igap\u00e4evaseks kasutamiseks kodus, beebideaias v\u00f5i v\u00e4ljas\u00f5itudel, pakkudes lapsele ohutut ja turvalist m\u00e4ngu- ja n\u00e4rimiskogemust.<\/p>","protected":false},"excerpt":{"rendered":"<p>N\u00e4rimislelude komplekt sisaldab kaks erineva disaini ja v\u00e4rviga silikoonist lelu, mis on spetsiaalselt m\u00f5eldud beebi v\u00e4ikestele k\u00e4tele ja suule. Tooted on valmistatud toidun\u00f5udes kasutatavast silikoonist, mis on mitte toksiline ja lapsele ohutu. Erinevad tekstuurid masseerivad \u00f5rnalt lapse igemeid, aidates leevendada l\u00f5ikehammastega seotud ebamugavust. N\u00e4rimislelusid v\u00f5ib asetada k\u00fclmkappi, et saavutada jahutav efekt, mis aitab veelgi paremini igemete hellust leevendada. Komplekt on praktiline, vastupidav ja ergonoomiline, pakkudes mugavat ja l\u00f5busat kogemust igap\u00e4evases kasutuses. Toote hooldus on lihtne \u2013 pese \u00f5rnatoimelise pesuvahendiga ja loputa enne esmast kasutamist. Kasutamisel on alati vajalik vanemlik j\u00e4relvalve. Igasuguse defekti ilmnemisel tuleb toote kasutamine l\u00f5petada. See komplekt on ideaalne kingitus ja igap\u00e4evaseks kasutamiseks kodus, beebideaias v\u00f5i v\u00e4ljas\u00f5itudel, pakkudes lapsele ohutut ja turvalist m\u00e4ngu- ja n\u00e4rimiskogemust.<\/p>","protected":false},"featured_media":3179,"template":"","meta":[],"product_brand":[],"product_cat":[24,308],"product_tag":[],"class_list":{"0":"post-6162","1":"product","2":"type-product","3":"status-publish","4":"has-post-thumbnail","6":"product_cat-lutiketid-narimislelud","7":"product_cat-manguaeg","9":"first","10":"instock","11":"taxable","12":"shipping-taxable","13":"purchasable","14":"product-type-variable"},"yoast_head":"<!-- This site is optimized with the Yoast SEO plugin v27.5 - https:\/\/yoast.com\/product\/yoast-seo-wordpress\/ -->\n<title>N\u00e4rimislelud lapsele - ohutud, silikoonist ja beebis\u00f5bralikud- Kiddoo<\/title>\n<meta name=\"description\" content=\"N\u00e4rimislelud lapsele, komplektis kaks silikoonist lelu. Masseerivad igemeid, jahutavad k\u00fclmkapis, ohutud ja beebi v\u00e4ikestele k\u00e4tele sobivad.\" \/>\n<meta name=\"robots\" content=\"index, follow, max-snippet:-1, max-image-preview:large, max-video-preview:-1\" \/>\n<link rel=\"canonical\" href=\"https:\/\/kiddoo.ee\/en\/product\/narimislelud-lapsele-kaks-silikoonist-lelu-ohutud-ja-beebisobralikud\/\" \/>\n<meta property=\"og:locale\" content=\"en_GB\" \/>\n<meta property=\"og:type\" content=\"article\" \/>\n<meta property=\"og:title\" content=\"N\u00e4rimislelud lapsele - ohutud, silikoonist ja beebis\u00f5bralikud- Kiddoo\" \/>\n<meta property=\"og:description\" content=\"N\u00e4rimislelud lapsele, komplektis kaks silikoonist lelu. Masseerivad igemeid, jahutavad k\u00fclmkapis, ohutud ja beebi v\u00e4ikestele k\u00e4tele sobivad.\" \/>\n<meta property=\"og:url\" content=\"https:\/\/kiddoo.ee\/en\/product\/narimislelud-lapsele-kaks-silikoonist-lelu-ohutud-ja-beebisobralikud\/\" \/>\n<meta property=\"og:site_name\" content=\"Kiddoo\" \/>\n<meta property=\"article:publisher\" content=\"https:\/\/www.facebook.com\/Kiddoo-103191601863440\" \/>\n<meta property=\"article:modified_time\" content=\"2026-03-23T17:15:30+00:00\" \/>\n<meta property=\"og:image\" content=\"https:\/\/kiddoo.ee\/wp-content\/uploads\/2023\/06\/IMG_4097_jpg-e1759348077246.jpeg\" \/>\n\t<meta property=\"og:image:width\" content=\"1490\" \/>\n\t<meta property=\"og:image:height\" content=\"1438\" \/>\n\t<meta property=\"og:image:type\" content=\"image\/jpeg\" \/>\n<meta name=\"twitter:card\" content=\"summary_large_image\" \/>\n<meta name=\"twitter:label1\" content=\"Estimated reading time\" \/>\n\t<meta name=\"twitter:data1\" content=\"1 minute\" \/>\n<script type=\"application\/ld+json\" class=\"yoast-schema-graph\">{\"@context\":\"https:\\\/\\\/schema.org\",\"@graph\":[{\"@type\":\"WebPage\",\"@id\":\"https:\\\/\\\/kiddoo.ee\\\/en\\\/product\\\/narimislelud-lapsele-kaks-silikoonist-lelu-ohutud-ja-beebisobralikud\\\/\",\"url\":\"https:\\\/\\\/kiddoo.ee\\\/en\\\/product\\\/narimislelud-lapsele-kaks-silikoonist-lelu-ohutud-ja-beebisobralikud\\\/\",\"name\":\"N\u00e4rimislelud lapsele - ohutud, silikoonist ja beebis\u00f5bralikud- Kiddoo\",\"isPartOf\":{\"@id\":\"http:\\\/\\\/kiddoo.ee\\\/#website\"},\"primaryImageOfPage\":{\"@id\":\"https:\\\/\\\/kiddoo.ee\\\/en\\\/product\\\/narimislelud-lapsele-kaks-silikoonist-lelu-ohutud-ja-beebisobralikud\\\/#primaryimage\"},\"image\":{\"@id\":\"https:\\\/\\\/kiddoo.ee\\\/en\\\/product\\\/narimislelud-lapsele-kaks-silikoonist-lelu-ohutud-ja-beebisobralikud\\\/#primaryimage\"},\"thumbnailUrl\":\"https:\\\/\\\/kiddoo.ee\\\/wp-content\\\/uploads\\\/2023\\\/06\\\/IMG_4097_jpg-e1759348077246.jpeg\",\"datePublished\":\"2025-09-29T21:56:56+00:00\",\"dateModified\":\"2026-03-23T17:15:30+00:00\",\"description\":\"N\u00e4rimislelud lapsele, komplektis kaks silikoonist lelu. Masseerivad igemeid, jahutavad k\u00fclmkapis, ohutud ja beebi v\u00e4ikestele k\u00e4tele sobivad.\",\"breadcrumb\":{\"@id\":\"https:\\\/\\\/kiddoo.ee\\\/en\\\/product\\\/narimislelud-lapsele-kaks-silikoonist-lelu-ohutud-ja-beebisobralikud\\\/#breadcrumb\"},\"inLanguage\":\"en-GB\",\"potentialAction\":[{\"@type\":\"ReadAction\",\"target\":[\"https:\\\/\\\/kiddoo.ee\\\/en\\\/product\\\/narimislelud-lapsele-kaks-silikoonist-lelu-ohutud-ja-beebisobralikud\\\/\"]}]},{\"@type\":\"ImageObject\",\"inLanguage\":\"en-GB\",\"@id\":\"https:\\\/\\\/kiddoo.ee\\\/en\\\/product\\\/narimislelud-lapsele-kaks-silikoonist-lelu-ohutud-ja-beebisobralikud\\\/#primaryimage\",\"url\":\"https:\\\/\\\/kiddoo.ee\\\/wp-content\\\/uploads\\\/2023\\\/06\\\/IMG_4097_jpg-e1759348077246.jpeg\",\"contentUrl\":\"https:\\\/\\\/kiddoo.ee\\\/wp-content\\\/uploads\\\/2023\\\/06\\\/IMG_4097_jpg-e1759348077246.jpeg\",\"width\":1490,\"height\":1438},{\"@type\":\"BreadcrumbList\",\"@id\":\"https:\\\/\\\/kiddoo.ee\\\/en\\\/product\\\/narimislelud-lapsele-kaks-silikoonist-lelu-ohutud-ja-beebisobralikud\\\/#breadcrumb\",\"itemListElement\":[{\"@type\":\"ListItem\",\"position\":1,\"name\":\"Home\",\"item\":\"http:\\\/\\\/kiddoo.ee\\\/\"},{\"@type\":\"ListItem\",\"position\":2,\"name\":\"Pood\",\"item\":\"https:\\\/\\\/kiddoo.ee\\\/en\\\/shop\\\/\"},{\"@type\":\"ListItem\",\"position\":3,\"name\":\"N\u00e4rimislelud lapsele Tibu \u2013 kaks silikoonist lelu, ohutud ja praktilised\"}]},{\"@type\":\"WebSite\",\"@id\":\"http:\\\/\\\/kiddoo.ee\\\/#website\",\"url\":\"http:\\\/\\\/kiddoo.ee\\\/\",\"name\":\"Kiddoo\",\"description\":\"Kvaliteet ja Eesti disain sinu lapsele\",\"publisher\":{\"@id\":\"http:\\\/\\\/kiddoo.ee\\\/#organization\"},\"potentialAction\":[{\"@type\":\"SearchAction\",\"target\":{\"@type\":\"EntryPoint\",\"urlTemplate\":\"http:\\\/\\\/kiddoo.ee\\\/?s={search_term_string}\"},\"query-input\":{\"@type\":\"PropertyValueSpecification\",\"valueRequired\":true,\"valueName\":\"search_term_string\"}}],\"inLanguage\":\"en-GB\"},{\"@type\":\"Organization\",\"@id\":\"http:\\\/\\\/kiddoo.ee\\\/#organization\",\"name\":\"Kiddoo\",\"url\":\"http:\\\/\\\/kiddoo.ee\\\/\",\"logo\":{\"@type\":\"ImageObject\",\"inLanguage\":\"en-GB\",\"@id\":\"http:\\\/\\\/kiddoo.ee\\\/#\\\/schema\\\/logo\\\/image\\\/\",\"url\":\"https:\\\/\\\/kiddoo.ee\\\/wp-content\\\/uploads\\\/2021\\\/10\\\/logo-04-scaled.jpg\",\"contentUrl\":\"https:\\\/\\\/kiddoo.ee\\\/wp-content\\\/uploads\\\/2021\\\/10\\\/logo-04-scaled.jpg\",\"width\":2560,\"height\":2560,\"caption\":\"Kiddoo\"},\"image\":{\"@id\":\"http:\\\/\\\/kiddoo.ee\\\/#\\\/schema\\\/logo\\\/image\\\/\"},\"sameAs\":[\"https:\\\/\\\/www.facebook.com\\\/Kiddoo-103191601863440\"]}]}<\/script>\n<!-- \/ Yoast SEO plugin. -->","yoast_head_json":{"title":"N\u00e4rimislelud lapsele - ohutud, silikoonist ja beebis\u00f5bralikud- Kiddoo","description":"N\u00e4rimislelud lapsele, komplektis kaks silikoonist lelu. Masseerivad igemeid, jahutavad k\u00fclmkapis, ohutud ja beebi v\u00e4ikestele k\u00e4tele sobivad.","robots":{"index":"index","follow":"follow","max-snippet":"max-snippet:-1","max-image-preview":"max-image-preview:large","max-video-preview":"max-video-preview:-1"},"canonical":"https:\/\/kiddoo.ee\/en\/product\/narimislelud-lapsele-kaks-silikoonist-lelu-ohutud-ja-beebisobralikud\/","og_locale":"en_GB","og_type":"article","og_title":"N\u00e4rimislelud lapsele - ohutud, silikoonist ja beebis\u00f5bralikud- Kiddoo","og_description":"N\u00e4rimislelud lapsele, komplektis kaks silikoonist lelu. Masseerivad igemeid, jahutavad k\u00fclmkapis, ohutud ja beebi v\u00e4ikestele k\u00e4tele sobivad.","og_url":"https:\/\/kiddoo.ee\/en\/product\/narimislelud-lapsele-kaks-silikoonist-lelu-ohutud-ja-beebisobralikud\/","og_site_name":"Kiddoo","article_publisher":"https:\/\/www.facebook.com\/Kiddoo-103191601863440","article_modified_time":"2026-03-23T17:15:30+00:00","og_image":[{"width":1490,"height":1438,"url":"https:\/\/kiddoo.ee\/wp-content\/uploads\/2023\/06\/IMG_4097_jpg-e1759348077246.jpeg","type":"image\/jpeg"}],"twitter_card":"summary_large_image","twitter_misc":{"Estimated reading time":"1 minute"},"schema":{"@context":"https:\/\/schema.org","@graph":[{"@type":"WebPage","@id":"https:\/\/kiddoo.ee\/en\/product\/narimislelud-lapsele-kaks-silikoonist-lelu-ohutud-ja-beebisobralikud\/","url":"https:\/\/kiddoo.ee\/en\/product\/narimislelud-lapsele-kaks-silikoonist-lelu-ohutud-ja-beebisobralikud\/","name":"N\u00e4rimislelud lapsele - ohutud, silikoonist ja beebis\u00f5bralikud- Kiddoo","isPartOf":{"@id":"http:\/\/kiddoo.ee\/#website"},"primaryImageOfPage":{"@id":"https:\/\/kiddoo.ee\/en\/product\/narimislelud-lapsele-kaks-silikoonist-lelu-ohutud-ja-beebisobralikud\/#primaryimage"},"image":{"@id":"https:\/\/kiddoo.ee\/en\/product\/narimislelud-lapsele-kaks-silikoonist-lelu-ohutud-ja-beebisobralikud\/#primaryimage"},"thumbnailUrl":"https:\/\/kiddoo.ee\/wp-content\/uploads\/2023\/06\/IMG_4097_jpg-e1759348077246.jpeg","datePublished":"2025-09-29T21:56:56+00:00","dateModified":"2026-03-23T17:15:30+00:00","description":"N\u00e4rimislelud lapsele, komplektis kaks silikoonist lelu. Masseerivad igemeid, jahutavad k\u00fclmkapis, ohutud ja beebi v\u00e4ikestele k\u00e4tele sobivad.","breadcrumb":{"@id":"https:\/\/kiddoo.ee\/en\/product\/narimislelud-lapsele-kaks-silikoonist-lelu-ohutud-ja-beebisobralikud\/#breadcrumb"},"inLanguage":"en-GB","potentialAction":[{"@type":"ReadAction","target":["https:\/\/kiddoo.ee\/en\/product\/narimislelud-lapsele-kaks-silikoonist-lelu-ohutud-ja-beebisobralikud\/"]}]},{"@type":"ImageObject","inLanguage":"en-GB","@id":"https:\/\/kiddoo.ee\/en\/product\/narimislelud-lapsele-kaks-silikoonist-lelu-ohutud-ja-beebisobralikud\/#primaryimage","url":"https:\/\/kiddoo.ee\/wp-content\/uploads\/2023\/06\/IMG_4097_jpg-e1759348077246.jpeg","contentUrl":"https:\/\/kiddoo.ee\/wp-content\/uploads\/2023\/06\/IMG_4097_jpg-e1759348077246.jpeg","width":1490,"height":1438},{"@type":"BreadcrumbList","@id":"https:\/\/kiddoo.ee\/en\/product\/narimislelud-lapsele-kaks-silikoonist-lelu-ohutud-ja-beebisobralikud\/#breadcrumb","itemListElement":[{"@type":"ListItem","position":1,"name":"Home","item":"http:\/\/kiddoo.ee\/"},{"@type":"ListItem","position":2,"name":"Pood","item":"https:\/\/kiddoo.ee\/en\/shop\/"},{"@type":"ListItem","position":3,"name":"N\u00e4rimislelud lapsele Tibu \u2013 kaks silikoonist lelu, ohutud ja praktilised"}]},{"@type":"WebSite","@id":"http:\/\/kiddoo.ee\/#website","url":"http:\/\/kiddoo.ee\/","name":"Kiddoo","description":"Kvaliteet ja Eesti disain sinu lapsele","publisher":{"@id":"http:\/\/kiddoo.ee\/#organization"},"potentialAction":[{"@type":"SearchAction","target":{"@type":"EntryPoint","urlTemplate":"http:\/\/kiddoo.ee\/?s={search_term_string}"},"query-input":{"@type":"PropertyValueSpecification","valueRequired":true,"valueName":"search_term_string"}}],"inLanguage":"en-GB"},{"@type":"Organization","@id":"http:\/\/kiddoo.ee\/#organization","name":"Kiddoo","url":"http:\/\/kiddoo.ee\/","logo":{"@type":"ImageObject","inLanguage":"en-GB","@id":"http:\/\/kiddoo.ee\/#\/schema\/logo\/image\/","url":"https:\/\/kiddoo.ee\/wp-content\/uploads\/2021\/10\/logo-04-scaled.jpg","contentUrl":"https:\/\/kiddoo.ee\/wp-content\/uploads\/2021\/10\/logo-04-scaled.jpg","width":2560,"height":2560,"caption":"Kiddoo"},"image":{"@id":"http:\/\/kiddoo.ee\/#\/schema\/logo\/image\/"},"sameAs":["https:\/\/www.facebook.com\/Kiddoo-103191601863440"]}]}},"_links":{"self":[{"href":"https:\/\/www.kiddoo.ee\/en\/wp-json\/wp\/v2\/product\/6162","targetHints":{"allow":["GET"]}}],"collection":[{"href":"https:\/\/www.kiddoo.ee\/en\/wp-json\/wp\/v2\/product"}],"about":[{"href":"https:\/\/www.kiddoo.ee\/en\/wp-json\/wp\/v2\/types\/product"}],"wp:featuredmedia":[{"embeddable":true,"href":"https:\/\/www.kiddoo.ee\/en\/wp-json\/wp\/v2\/media\/3179"}],"wp:attachment":[{"href":"https:\/\/www.kiddoo.ee\/en\/wp-json\/wp\/v2\/media?parent=6162"}],"wp:term":[{"taxonomy":"product_brand","embeddable":true,"href":"https:\/\/www.kiddoo.ee\/en\/wp-json\/wp\/v2\/product_brand?post=6162"},{"taxonomy":"product_cat","embeddable":true,"href":"https:\/\/www.kiddoo.ee\/en\/wp-json\/wp\/v2\/product_cat?post=6162"},{"taxonomy":"product_tag","embeddable":true,"href":"https:\/\/www.kiddoo.ee\/en\/wp-json\/wp\/v2\/product_tag?post=6162"}],"curies":[{"name":"wp","href":"https:\/\/api.w.org\/{rel}","templated":true}]}}