{"id":6152,"date":"2025-09-29T21:51:48","date_gmt":"2025-09-29T21:51:48","guid":{"rendered":"https:\/\/www.kiddoo.ee\/?post_type=product&#038;p=6152"},"modified":"2026-03-23T17:15:46","modified_gmt":"2026-03-23T17:15:46","slug":"narimislelu-lapsele-silikoonist-ja-puidust-ohutu-ja-kasitoona-eestis","status":"publish","type":"product","link":"https:\/\/www.kiddoo.ee\/en\/product\/narimislelu-lapsele-silikoonist-ja-puidust-ohutu-ja-kasitoona-eestis\/","title":{"rendered":"Nimeline n\u00e4rimislelu beebile \u2013 silikoonist ja puidust, ohutu ja k\u00e4sit\u00f6\u00f6na Eestis"},"content":{"rendered":"<p data-start=\"856\" data-end=\"1195\">N\u00e4rimislelu on valmistatud <strong data-start=\"883\" data-end=\"903\">k\u00e4sit\u00f6\u00f6na Eestis<\/strong> ja spetsiaalselt lapse turvalisust silmas pidades. Tooted on tehtud <strong data-start=\"972\" data-end=\"1036\">toidun\u00f5udes kasutatavast silikoonist ja naturaalsest puidust<\/strong>, mis on <strong data-start=\"1045\" data-end=\"1065\">mitte toksilised<\/strong> ja lapsele ohutud. Erinevad tekstuurid masseerivad \u00f5rnalt lapse igemeid, aidates leevendada l\u00f5ikehammastega seotud ebamugavust.<\/p>\n<p data-start=\"1197\" data-end=\"1441\">N\u00e4rimislelu v\u00f5ib asetada <strong data-start=\"1222\" data-end=\"1235\">k\u00fclmkappi<\/strong>, et saavutada jahutav efekt, mis aitab veelgi paremini igemete hellust leevendada. Toode on praktiline ja ergonoomiline, sobides ideaalselt igap\u00e4evaseks kasutamiseks kodus, v\u00e4ljas\u00f5itudel v\u00f5i kingitusena.<\/p>\n<p data-start=\"1443\" data-end=\"1678\">Toote hooldus on lihtne \u2013 pese <strong data-start=\"1474\" data-end=\"1505\">\u00f5rnatoimelise pesuvahendiga<\/strong>, <strong data-start=\"1507\" data-end=\"1531\">ei kannata leotamist<\/strong>, ja loputa enne esmast kasutamist. Kasutamisel on alati vajalik <strong data-start=\"1596\" data-end=\"1619\">vanemlik j\u00e4relvalve<\/strong>. Igasuguse defekti ilmnemisel l\u00f5petage toote kasutamine.<\/p>\n<p data-start=\"1680\" data-end=\"1914\">N\u00e4rimislelu on vastupidav, ohutu ja keskkonnas\u00f5bralik valik igale lapsele, pakkudes mugavat, l\u00f5busat ja turvalist kogemust igap\u00e4evases kasutuses. K\u00e4sit\u00f6\u00f6na valmistatud disain Eestis tagab k\u00f5rge kvaliteedi ja maksimaalse turvalisuse.<\/p>","protected":false},"excerpt":{"rendered":"<p>N\u00e4rimislelu on valmistatud k\u00e4sit\u00f6\u00f6na Eestis ja spetsiaalselt lapse turvalisust silmas pidades. Tooted on tehtud toidun\u00f5udes kasutatavast silikoonist ja naturaalsest puidust, mis on mitte toksilised ja lapsele ohutud. Erinevad tekstuurid masseerivad \u00f5rnalt lapse igemeid, aidates leevendada l\u00f5ikehammastega seotud ebamugavust. N\u00e4rimislelu v\u00f5ib asetada k\u00fclmkappi, et saavutada jahutav efekt, mis aitab veelgi paremini igemete hellust leevendada. Toode on praktiline ja ergonoomiline, sobides ideaalselt igap\u00e4evaseks kasutamiseks kodus, v\u00e4ljas\u00f5itudel v\u00f5i kingitusena. Toote hooldus on lihtne \u2013 pese \u00f5rnatoimelise pesuvahendiga, ei kannata leotamist, ja loputa enne esmast kasutamist. Kasutamisel on alati vajalik vanemlik j\u00e4relvalve. Igasuguse defekti ilmnemisel l\u00f5petage toote kasutamine. N\u00e4rimislelu on vastupidav, ohutu ja keskkonnas\u00f5bralik valik igale lapsele, pakkudes mugavat, l\u00f5busat ja turvalist kogemust igap\u00e4evases kasutuses. K\u00e4sit\u00f6\u00f6na valmistatud disain Eestis tagab k\u00f5rge kvaliteedi ja maksimaalse turvalisuse.<\/p>","protected":false},"featured_media":1436,"template":"","meta":[],"product_brand":[325],"product_cat":[308,276,278],"product_tag":[],"class_list":{"0":"post-6152","1":"product","2":"type-product","3":"status-publish","4":"has-post-thumbnail","6":"product_brand-kiddoo","7":"product_cat-manguaeg","8":"product_cat-nimeline-narimislelu","9":"product_cat-nimelised-lutiketid-narimislelud","11":"first","12":"instock","13":"taxable","14":"shipping-taxable","15":"purchasable","16":"product-type-variable"},"yoast_head":"<!-- This site is optimized with the Yoast SEO plugin v27.5 - https:\/\/yoast.com\/product\/yoast-seo-wordpress\/ -->\n<title>N\u00e4rimislelu lapsele \u2013 ohutu, silikoonist ja puidust- Kiddoo.ee<\/title>\n<meta name=\"description\" content=\"N\u00e4rimislelu lapsele, silikoonist ja puidust, masseerib igemeid ja jahutab l\u00f5ikehammastega seotud ebamugavust. K\u00e4sit\u00f6\u00f6na valmistatud Eestis.\" \/>\n<meta name=\"robots\" content=\"index, follow, max-snippet:-1, max-image-preview:large, max-video-preview:-1\" \/>\n<link rel=\"canonical\" href=\"https:\/\/kiddoo.ee\/product\/narimislelu-lapsele-silikoonist-ja-puidust-ohutu-ja-kasitoona-eestis\/\" \/>\n<meta property=\"og:locale\" content=\"en_GB\" \/>\n<meta property=\"og:type\" content=\"article\" \/>\n<meta property=\"og:title\" content=\"N\u00e4rimislelu lapsele \u2013 ohutu, silikoonist ja puidust- Kiddoo.ee\" \/>\n<meta property=\"og:description\" content=\"N\u00e4rimislelu lapsele, silikoonist ja puidust, masseerib igemeid ja jahutab l\u00f5ikehammastega seotud ebamugavust. K\u00e4sit\u00f6\u00f6na valmistatud Eestis.\" \/>\n<meta property=\"og:url\" content=\"https:\/\/kiddoo.ee\/product\/narimislelu-lapsele-silikoonist-ja-puidust-ohutu-ja-kasitoona-eestis\/\" \/>\n<meta property=\"og:site_name\" content=\"Kiddoo\" \/>\n<meta property=\"article:publisher\" content=\"https:\/\/www.facebook.com\/Kiddoo-103191601863440\" \/>\n<meta property=\"article:modified_time\" content=\"2026-03-23T17:15:46+00:00\" \/>\n<meta property=\"og:image\" content=\"https:\/\/kiddoo.ee\/wp-content\/uploads\/2021\/11\/IMG_6311-scaled.jpg\" \/>\n\t<meta property=\"og:image:width\" content=\"2560\" \/>\n\t<meta property=\"og:image:height\" content=\"2560\" \/>\n\t<meta property=\"og:image:type\" content=\"image\/jpeg\" \/>\n<meta name=\"twitter:card\" content=\"summary_large_image\" \/>\n<meta name=\"twitter:label1\" content=\"Estimated reading time\" \/>\n\t<meta name=\"twitter:data1\" content=\"1 minute\" \/>\n<script type=\"application\/ld+json\" class=\"yoast-schema-graph\">{\"@context\":\"https:\\\/\\\/schema.org\",\"@graph\":[{\"@type\":\"WebPage\",\"@id\":\"https:\\\/\\\/kiddoo.ee\\\/product\\\/narimislelu-lapsele-silikoonist-ja-puidust-ohutu-ja-kasitoona-eestis\\\/\",\"url\":\"https:\\\/\\\/kiddoo.ee\\\/product\\\/narimislelu-lapsele-silikoonist-ja-puidust-ohutu-ja-kasitoona-eestis\\\/\",\"name\":\"N\u00e4rimislelu lapsele \u2013 ohutu, silikoonist ja puidust- Kiddoo.ee\",\"isPartOf\":{\"@id\":\"http:\\\/\\\/kiddoo.ee\\\/#website\"},\"primaryImageOfPage\":{\"@id\":\"https:\\\/\\\/kiddoo.ee\\\/product\\\/narimislelu-lapsele-silikoonist-ja-puidust-ohutu-ja-kasitoona-eestis\\\/#primaryimage\"},\"image\":{\"@id\":\"https:\\\/\\\/kiddoo.ee\\\/product\\\/narimislelu-lapsele-silikoonist-ja-puidust-ohutu-ja-kasitoona-eestis\\\/#primaryimage\"},\"thumbnailUrl\":\"https:\\\/\\\/www.kiddoo.ee\\\/wp-content\\\/uploads\\\/2021\\\/11\\\/IMG_6311-scaled.jpg\",\"datePublished\":\"2025-09-29T21:51:48+00:00\",\"dateModified\":\"2026-03-23T17:15:46+00:00\",\"description\":\"N\u00e4rimislelu lapsele, silikoonist ja puidust, masseerib igemeid ja jahutab l\u00f5ikehammastega seotud ebamugavust. K\u00e4sit\u00f6\u00f6na valmistatud Eestis.\",\"breadcrumb\":{\"@id\":\"https:\\\/\\\/kiddoo.ee\\\/product\\\/narimislelu-lapsele-silikoonist-ja-puidust-ohutu-ja-kasitoona-eestis\\\/#breadcrumb\"},\"inLanguage\":\"en-GB\",\"potentialAction\":[{\"@type\":\"ReadAction\",\"target\":[\"https:\\\/\\\/kiddoo.ee\\\/product\\\/narimislelu-lapsele-silikoonist-ja-puidust-ohutu-ja-kasitoona-eestis\\\/\"]}]},{\"@type\":\"ImageObject\",\"inLanguage\":\"en-GB\",\"@id\":\"https:\\\/\\\/kiddoo.ee\\\/product\\\/narimislelu-lapsele-silikoonist-ja-puidust-ohutu-ja-kasitoona-eestis\\\/#primaryimage\",\"url\":\"https:\\\/\\\/www.kiddoo.ee\\\/wp-content\\\/uploads\\\/2021\\\/11\\\/IMG_6311-scaled.jpg\",\"contentUrl\":\"https:\\\/\\\/www.kiddoo.ee\\\/wp-content\\\/uploads\\\/2021\\\/11\\\/IMG_6311-scaled.jpg\",\"width\":2560,\"height\":2560},{\"@type\":\"BreadcrumbList\",\"@id\":\"https:\\\/\\\/kiddoo.ee\\\/product\\\/narimislelu-lapsele-silikoonist-ja-puidust-ohutu-ja-kasitoona-eestis\\\/#breadcrumb\",\"itemListElement\":[{\"@type\":\"ListItem\",\"position\":1,\"name\":\"Home\",\"item\":\"http:\\\/\\\/kiddoo.ee\\\/\"},{\"@type\":\"ListItem\",\"position\":2,\"name\":\"Pood\",\"item\":\"https:\\\/\\\/kiddoo.ee\\\/en\\\/shop\\\/\"},{\"@type\":\"ListItem\",\"position\":3,\"name\":\"Nimeline n\u00e4rimislelu beebile \u2013 silikoonist ja puidust, ohutu ja k\u00e4sit\u00f6\u00f6na Eestis\"}]},{\"@type\":\"WebSite\",\"@id\":\"http:\\\/\\\/kiddoo.ee\\\/#website\",\"url\":\"http:\\\/\\\/kiddoo.ee\\\/\",\"name\":\"Kiddoo\",\"description\":\"Kvaliteet ja Eesti disain sinu lapsele\",\"publisher\":{\"@id\":\"http:\\\/\\\/kiddoo.ee\\\/#organization\"},\"potentialAction\":[{\"@type\":\"SearchAction\",\"target\":{\"@type\":\"EntryPoint\",\"urlTemplate\":\"http:\\\/\\\/kiddoo.ee\\\/?s={search_term_string}\"},\"query-input\":{\"@type\":\"PropertyValueSpecification\",\"valueRequired\":true,\"valueName\":\"search_term_string\"}}],\"inLanguage\":\"en-GB\"},{\"@type\":\"Organization\",\"@id\":\"http:\\\/\\\/kiddoo.ee\\\/#organization\",\"name\":\"Kiddoo\",\"url\":\"http:\\\/\\\/kiddoo.ee\\\/\",\"logo\":{\"@type\":\"ImageObject\",\"inLanguage\":\"en-GB\",\"@id\":\"http:\\\/\\\/kiddoo.ee\\\/#\\\/schema\\\/logo\\\/image\\\/\",\"url\":\"https:\\\/\\\/kiddoo.ee\\\/wp-content\\\/uploads\\\/2021\\\/10\\\/logo-04-scaled.jpg\",\"contentUrl\":\"https:\\\/\\\/kiddoo.ee\\\/wp-content\\\/uploads\\\/2021\\\/10\\\/logo-04-scaled.jpg\",\"width\":2560,\"height\":2560,\"caption\":\"Kiddoo\"},\"image\":{\"@id\":\"http:\\\/\\\/kiddoo.ee\\\/#\\\/schema\\\/logo\\\/image\\\/\"},\"sameAs\":[\"https:\\\/\\\/www.facebook.com\\\/Kiddoo-103191601863440\"]}]}<\/script>\n<!-- \/ Yoast SEO plugin. -->","yoast_head_json":{"title":"N\u00e4rimislelu lapsele \u2013 ohutu, silikoonist ja puidust- Kiddoo.ee","description":"N\u00e4rimislelu lapsele, silikoonist ja puidust, masseerib igemeid ja jahutab l\u00f5ikehammastega seotud ebamugavust. K\u00e4sit\u00f6\u00f6na valmistatud Eestis.","robots":{"index":"index","follow":"follow","max-snippet":"max-snippet:-1","max-image-preview":"max-image-preview:large","max-video-preview":"max-video-preview:-1"},"canonical":"https:\/\/kiddoo.ee\/product\/narimislelu-lapsele-silikoonist-ja-puidust-ohutu-ja-kasitoona-eestis\/","og_locale":"en_GB","og_type":"article","og_title":"N\u00e4rimislelu lapsele \u2013 ohutu, silikoonist ja puidust- Kiddoo.ee","og_description":"N\u00e4rimislelu lapsele, silikoonist ja puidust, masseerib igemeid ja jahutab l\u00f5ikehammastega seotud ebamugavust. K\u00e4sit\u00f6\u00f6na valmistatud Eestis.","og_url":"https:\/\/kiddoo.ee\/product\/narimislelu-lapsele-silikoonist-ja-puidust-ohutu-ja-kasitoona-eestis\/","og_site_name":"Kiddoo","article_publisher":"https:\/\/www.facebook.com\/Kiddoo-103191601863440","article_modified_time":"2026-03-23T17:15:46+00:00","og_image":[{"width":2560,"height":2560,"url":"https:\/\/kiddoo.ee\/wp-content\/uploads\/2021\/11\/IMG_6311-scaled.jpg","type":"image\/jpeg"}],"twitter_card":"summary_large_image","twitter_misc":{"Estimated reading time":"1 minute"},"schema":{"@context":"https:\/\/schema.org","@graph":[{"@type":"WebPage","@id":"https:\/\/kiddoo.ee\/product\/narimislelu-lapsele-silikoonist-ja-puidust-ohutu-ja-kasitoona-eestis\/","url":"https:\/\/kiddoo.ee\/product\/narimislelu-lapsele-silikoonist-ja-puidust-ohutu-ja-kasitoona-eestis\/","name":"N\u00e4rimislelu lapsele \u2013 ohutu, silikoonist ja puidust- Kiddoo.ee","isPartOf":{"@id":"http:\/\/kiddoo.ee\/#website"},"primaryImageOfPage":{"@id":"https:\/\/kiddoo.ee\/product\/narimislelu-lapsele-silikoonist-ja-puidust-ohutu-ja-kasitoona-eestis\/#primaryimage"},"image":{"@id":"https:\/\/kiddoo.ee\/product\/narimislelu-lapsele-silikoonist-ja-puidust-ohutu-ja-kasitoona-eestis\/#primaryimage"},"thumbnailUrl":"https:\/\/www.kiddoo.ee\/wp-content\/uploads\/2021\/11\/IMG_6311-scaled.jpg","datePublished":"2025-09-29T21:51:48+00:00","dateModified":"2026-03-23T17:15:46+00:00","description":"N\u00e4rimislelu lapsele, silikoonist ja puidust, masseerib igemeid ja jahutab l\u00f5ikehammastega seotud ebamugavust. K\u00e4sit\u00f6\u00f6na valmistatud Eestis.","breadcrumb":{"@id":"https:\/\/kiddoo.ee\/product\/narimislelu-lapsele-silikoonist-ja-puidust-ohutu-ja-kasitoona-eestis\/#breadcrumb"},"inLanguage":"en-GB","potentialAction":[{"@type":"ReadAction","target":["https:\/\/kiddoo.ee\/product\/narimislelu-lapsele-silikoonist-ja-puidust-ohutu-ja-kasitoona-eestis\/"]}]},{"@type":"ImageObject","inLanguage":"en-GB","@id":"https:\/\/kiddoo.ee\/product\/narimislelu-lapsele-silikoonist-ja-puidust-ohutu-ja-kasitoona-eestis\/#primaryimage","url":"https:\/\/www.kiddoo.ee\/wp-content\/uploads\/2021\/11\/IMG_6311-scaled.jpg","contentUrl":"https:\/\/www.kiddoo.ee\/wp-content\/uploads\/2021\/11\/IMG_6311-scaled.jpg","width":2560,"height":2560},{"@type":"BreadcrumbList","@id":"https:\/\/kiddoo.ee\/product\/narimislelu-lapsele-silikoonist-ja-puidust-ohutu-ja-kasitoona-eestis\/#breadcrumb","itemListElement":[{"@type":"ListItem","position":1,"name":"Home","item":"http:\/\/kiddoo.ee\/"},{"@type":"ListItem","position":2,"name":"Pood","item":"https:\/\/kiddoo.ee\/en\/shop\/"},{"@type":"ListItem","position":3,"name":"Nimeline n\u00e4rimislelu beebile \u2013 silikoonist ja puidust, ohutu ja k\u00e4sit\u00f6\u00f6na Eestis"}]},{"@type":"WebSite","@id":"http:\/\/kiddoo.ee\/#website","url":"http:\/\/kiddoo.ee\/","name":"Kiddoo","description":"Kvaliteet ja Eesti disain sinu lapsele","publisher":{"@id":"http:\/\/kiddoo.ee\/#organization"},"potentialAction":[{"@type":"SearchAction","target":{"@type":"EntryPoint","urlTemplate":"http:\/\/kiddoo.ee\/?s={search_term_string}"},"query-input":{"@type":"PropertyValueSpecification","valueRequired":true,"valueName":"search_term_string"}}],"inLanguage":"en-GB"},{"@type":"Organization","@id":"http:\/\/kiddoo.ee\/#organization","name":"Kiddoo","url":"http:\/\/kiddoo.ee\/","logo":{"@type":"ImageObject","inLanguage":"en-GB","@id":"http:\/\/kiddoo.ee\/#\/schema\/logo\/image\/","url":"https:\/\/kiddoo.ee\/wp-content\/uploads\/2021\/10\/logo-04-scaled.jpg","contentUrl":"https:\/\/kiddoo.ee\/wp-content\/uploads\/2021\/10\/logo-04-scaled.jpg","width":2560,"height":2560,"caption":"Kiddoo"},"image":{"@id":"http:\/\/kiddoo.ee\/#\/schema\/logo\/image\/"},"sameAs":["https:\/\/www.facebook.com\/Kiddoo-103191601863440"]}]}},"_links":{"self":[{"href":"https:\/\/www.kiddoo.ee\/en\/wp-json\/wp\/v2\/product\/6152","targetHints":{"allow":["GET"]}}],"collection":[{"href":"https:\/\/www.kiddoo.ee\/en\/wp-json\/wp\/v2\/product"}],"about":[{"href":"https:\/\/www.kiddoo.ee\/en\/wp-json\/wp\/v2\/types\/product"}],"wp:featuredmedia":[{"embeddable":true,"href":"https:\/\/www.kiddoo.ee\/en\/wp-json\/wp\/v2\/media\/1436"}],"wp:attachment":[{"href":"https:\/\/www.kiddoo.ee\/en\/wp-json\/wp\/v2\/media?parent=6152"}],"wp:term":[{"taxonomy":"product_brand","embeddable":true,"href":"https:\/\/www.kiddoo.ee\/en\/wp-json\/wp\/v2\/product_brand?post=6152"},{"taxonomy":"product_cat","embeddable":true,"href":"https:\/\/www.kiddoo.ee\/en\/wp-json\/wp\/v2\/product_cat?post=6152"},{"taxonomy":"product_tag","embeddable":true,"href":"https:\/\/www.kiddoo.ee\/en\/wp-json\/wp\/v2\/product_tag?post=6152"}],"curies":[{"name":"wp","href":"https:\/\/api.w.org\/{rel}","templated":true}]}}