{"id":6105,"date":"2025-09-29T21:00:25","date_gmt":"2025-09-29T21:00:25","guid":{"rendered":"https:\/\/kiddoo.ee\/?post_type=product&#038;p=6105"},"modified":"2026-03-23T17:17:06","modified_gmt":"2026-03-23T17:17:06","slug":"joogi-snakitops-lapsele","status":"publish","type":"product","link":"https:\/\/www.kiddoo.ee\/en\/product\/joogi-snakitops-lapsele\/","title":{"rendered":"Joogi- ja sn\u00e4kitops lapsele \u2013 ohutu, praktiline ja 100% silikoon"},"content":{"rendered":"<p data-start=\"386\" data-end=\"635\">Joogi- ja sn\u00e4kitops teeb <strong data-start=\"411\" data-end=\"473\">joomise ja suupistete s\u00f6\u00f6mise lapsele mugavaks ja l\u00f5busaks<\/strong>. Topsi saab kasutada nii <strong data-start=\"499\" data-end=\"519\">kaane ja k\u00f5rrega<\/strong> kui ka <strong data-start=\"527\" data-end=\"546\">lahtise topsina<\/strong> ning see sobib ka <strong data-start=\"565\" data-end=\"581\">sn\u00e4kitopsiks<\/strong>, pakkudes mitmek\u00fclgset igap\u00e4evast kasutusv\u00f5imalust.<\/p>\n<h2 data-start=\"642\" data-end=\"677\">Mugav ja arendav kasutus lapsele<\/h2>\n<ul data-start=\"679\" data-end=\"970\">\n<li data-start=\"679\" data-end=\"832\">\n<p data-start=\"681\" data-end=\"832\">Tops on disainitud <strong data-start=\"700\" data-end=\"736\">lapse joomisoskuste arendamiseks<\/strong>: alguses saab kasutada kaane ja k\u00f5rrega, hiljem eemaldada, et laps harjuks iseseisvalt jooma.<\/p>\n<\/li>\n<li data-start=\"833\" data-end=\"883\">\n<p data-start=\"835\" data-end=\"883\">Lihtne haarata ja k\u00e4tte saada v\u00e4ikeste k\u00e4tega.<\/p>\n<\/li>\n<li data-start=\"884\" data-end=\"970\">\n<p data-start=\"886\" data-end=\"970\">Kaas hoiab vedeliku sees ja ei teki liigset segadust, kui tops peaks \u00fcmber minema.<\/p>\n<\/li>\n<\/ul>\n<h2 data-start=\"977\" data-end=\"1001\">Kvaliteet ja omadused<\/h2>\n<ul data-start=\"1003\" data-end=\"1314\">\n<li data-start=\"1003\" data-end=\"1055\">\n<p data-start=\"1005\" data-end=\"1055\"><strong data-start=\"1005\" data-end=\"1018\">Materjal:<\/strong> 100% silikoon, ohutu ja vastupidav<\/p>\n<\/li>\n<li data-start=\"1056\" data-end=\"1081\">\n<p data-start=\"1058\" data-end=\"1081\"><strong data-start=\"1058\" data-end=\"1072\">Mahutavus:<\/strong> 150 ml<\/p>\n<\/li>\n<li data-start=\"1082\" data-end=\"1136\">\n<p data-start=\"1084\" data-end=\"1136\"><strong data-start=\"1084\" data-end=\"1098\">Turvaline:<\/strong> ei purune ega tekita l\u00e4rmi kukkudes<\/p>\n<\/li>\n<li data-start=\"1137\" data-end=\"1191\">\n<p data-start=\"1139\" data-end=\"1191\"><strong data-start=\"1139\" data-end=\"1154\">Komplektis:<\/strong> tops, k\u00f5rs, joogikaas ja sn\u00e4kikaas<\/p>\n<\/li>\n<li data-start=\"1192\" data-end=\"1262\">\n<p data-start=\"1194\" data-end=\"1262\"><strong data-start=\"1194\" data-end=\"1206\">Hooldus:<\/strong> v\u00f5ib asetada mikrolaineahju ja pesta n\u00f5udepesumasinas<\/p>\n<\/li>\n<li data-start=\"1263\" data-end=\"1314\">\n<p data-start=\"1265\" data-end=\"1314\"><strong data-start=\"1265\" data-end=\"1276\">Disain:<\/strong> spetsiaalselt lastele, Eesti disain<\/p>\n<\/li>\n<\/ul>\n<h2 data-start=\"1321\" data-end=\"1356\">Ideaalne igap\u00e4evaseks kasutuseks<\/h2>\n<p data-start=\"1358\" data-end=\"1645\">Joogi- ja sn\u00e4kitops on praktiline, vastupidav ja ohutu lahendus igap\u00e4evasteks joomise ja sn\u00e4kkimomentideks. Sobib ideaalselt kodus, lasteaias v\u00f5i v\u00e4ljas\u00f5itudel. Laps saab <strong data-start=\"1529\" data-end=\"1562\">harjuda joomisega iseseisvalt<\/strong>, ilma liigse segaduseta, ning tops teeb igast hetkest l\u00f5busa ja mugava kogemuse.<\/p>","protected":false},"excerpt":{"rendered":"<p>Joogi- ja sn\u00e4kitops teeb joomise ja suupistete s\u00f6\u00f6mise lapsele mugavaks ja l\u00f5busaks. Topsi saab kasutada nii kaane ja k\u00f5rrega kui ka lahtise topsina ning see sobib ka sn\u00e4kitopsiks, pakkudes mitmek\u00fclgset igap\u00e4evast kasutusv\u00f5imalust. Mugav ja arendav kasutus lapsele Tops on disainitud lapse joomisoskuste arendamiseks: alguses saab kasutada kaane ja k\u00f5rrega, hiljem eemaldada, et laps harjuks iseseisvalt jooma. Lihtne haarata ja k\u00e4tte saada v\u00e4ikeste k\u00e4tega. Kaas hoiab vedeliku sees ja ei teki liigset segadust, kui tops peaks \u00fcmber minema. Kvaliteet ja omadused Materjal: 100% silikoon, ohutu ja vastupidav Mahutavus: 150 ml Turvaline: ei purune ega tekita l\u00e4rmi kukkudes Komplektis: tops, k\u00f5rs, joogikaas ja sn\u00e4kikaas Hooldus: v\u00f5ib asetada mikrolaineahju ja pesta n\u00f5udepesumasinas Disain: spetsiaalselt lastele, Eesti disain Ideaalne igap\u00e4evaseks kasutuseks Joogi- ja sn\u00e4kitops on praktiline, vastupidav ja ohutu lahendus igap\u00e4evasteks joomise ja sn\u00e4kkimomentideks. Sobib ideaalselt kodus, lasteaias v\u00f5i v\u00e4ljas\u00f5itudel. Laps saab harjuda joomisega iseseisvalt, ilma liigse segaduseta, ning tops teeb igast hetkest l\u00f5busa ja mugava kogemuse.<\/p>","protected":false},"featured_media":1860,"template":"","meta":[],"product_brand":[325],"product_cat":[279,41],"product_tag":[],"class_list":{"0":"post-6105","1":"product","2":"type-product","3":"status-publish","4":"has-post-thumbnail","6":"product_brand-kiddoo","7":"product_cat-joogitops","8":"product_cat-soogiaeg","10":"first","11":"instock","12":"taxable","13":"shipping-taxable","14":"purchasable","15":"product-type-variable"},"yoast_head":"<!-- This site is optimized with the Yoast SEO plugin v27.5 - https:\/\/yoast.com\/product\/yoast-seo-wordpress\/ -->\n<title>Joogi- ja sn\u00e4kitops lapsele \u2013 ohutu ja 100% silikoon- kiddoo.ee<\/title>\n<meta name=\"description\" content=\"Osta lapsele joogi- ja sn\u00e4kitops \u2013 100% silikoonist, ohutu, ei purune, mahutab 150 ml. Sobib mikrolaineahju ja n\u00f5udepesumasinasse, disainitud Eestis.\" \/>\n<meta name=\"robots\" content=\"index, follow, max-snippet:-1, max-image-preview:large, max-video-preview:-1\" \/>\n<link rel=\"canonical\" href=\"https:\/\/kiddoo.ee\/product\/joogi-snakitops-lapsele\/\" \/>\n<meta property=\"og:locale\" content=\"en_GB\" \/>\n<meta property=\"og:type\" content=\"article\" \/>\n<meta property=\"og:title\" content=\"Joogi- ja sn\u00e4kitops lapsele \u2013 ohutu ja 100% silikoon- kiddoo.ee\" \/>\n<meta property=\"og:description\" content=\"Osta lapsele joogi- ja sn\u00e4kitops \u2013 100% silikoonist, ohutu, ei purune, mahutab 150 ml. Sobib mikrolaineahju ja n\u00f5udepesumasinasse, disainitud Eestis.\" \/>\n<meta property=\"og:url\" content=\"https:\/\/kiddoo.ee\/product\/joogi-snakitops-lapsele\/\" \/>\n<meta property=\"og:site_name\" content=\"Kiddoo\" \/>\n<meta property=\"article:publisher\" content=\"https:\/\/www.facebook.com\/Kiddoo-103191601863440\" \/>\n<meta property=\"article:modified_time\" content=\"2026-03-23T17:17:06+00:00\" \/>\n<meta property=\"og:image\" content=\"https:\/\/kiddoo.ee\/wp-content\/uploads\/2022\/03\/VWSZ3343.jpg\" \/>\n\t<meta property=\"og:image:width\" content=\"2359\" \/>\n\t<meta property=\"og:image:height\" content=\"2359\" \/>\n\t<meta property=\"og:image:type\" content=\"image\/jpeg\" \/>\n<meta name=\"twitter:card\" content=\"summary_large_image\" \/>\n<meta name=\"twitter:label1\" content=\"Estimated reading time\" \/>\n\t<meta name=\"twitter:data1\" content=\"1 minute\" \/>\n<script type=\"application\/ld+json\" class=\"yoast-schema-graph\">{\"@context\":\"https:\\\/\\\/schema.org\",\"@graph\":[{\"@type\":\"WebPage\",\"@id\":\"https:\\\/\\\/kiddoo.ee\\\/product\\\/joogi-snakitops-lapsele\\\/\",\"url\":\"https:\\\/\\\/kiddoo.ee\\\/product\\\/joogi-snakitops-lapsele\\\/\",\"name\":\"Joogi- ja sn\u00e4kitops lapsele \u2013 ohutu ja 100% silikoon- kiddoo.ee\",\"isPartOf\":{\"@id\":\"http:\\\/\\\/kiddoo.ee\\\/#website\"},\"primaryImageOfPage\":{\"@id\":\"https:\\\/\\\/kiddoo.ee\\\/product\\\/joogi-snakitops-lapsele\\\/#primaryimage\"},\"image\":{\"@id\":\"https:\\\/\\\/kiddoo.ee\\\/product\\\/joogi-snakitops-lapsele\\\/#primaryimage\"},\"thumbnailUrl\":\"https:\\\/\\\/www.kiddoo.ee\\\/wp-content\\\/uploads\\\/2022\\\/03\\\/VWSZ3343.jpg\",\"datePublished\":\"2025-09-29T21:00:25+00:00\",\"dateModified\":\"2026-03-23T17:17:06+00:00\",\"description\":\"Osta lapsele joogi- ja sn\u00e4kitops \u2013 100% silikoonist, ohutu, ei purune, mahutab 150 ml. Sobib mikrolaineahju ja n\u00f5udepesumasinasse, disainitud Eestis.\",\"breadcrumb\":{\"@id\":\"https:\\\/\\\/kiddoo.ee\\\/product\\\/joogi-snakitops-lapsele\\\/#breadcrumb\"},\"inLanguage\":\"en-GB\",\"potentialAction\":[{\"@type\":\"ReadAction\",\"target\":[\"https:\\\/\\\/kiddoo.ee\\\/product\\\/joogi-snakitops-lapsele\\\/\"]}]},{\"@type\":\"ImageObject\",\"inLanguage\":\"en-GB\",\"@id\":\"https:\\\/\\\/kiddoo.ee\\\/product\\\/joogi-snakitops-lapsele\\\/#primaryimage\",\"url\":\"https:\\\/\\\/www.kiddoo.ee\\\/wp-content\\\/uploads\\\/2022\\\/03\\\/VWSZ3343.jpg\",\"contentUrl\":\"https:\\\/\\\/www.kiddoo.ee\\\/wp-content\\\/uploads\\\/2022\\\/03\\\/VWSZ3343.jpg\",\"width\":2359,\"height\":2359},{\"@type\":\"BreadcrumbList\",\"@id\":\"https:\\\/\\\/kiddoo.ee\\\/product\\\/joogi-snakitops-lapsele\\\/#breadcrumb\",\"itemListElement\":[{\"@type\":\"ListItem\",\"position\":1,\"name\":\"Home\",\"item\":\"http:\\\/\\\/kiddoo.ee\\\/\"},{\"@type\":\"ListItem\",\"position\":2,\"name\":\"Pood\",\"item\":\"https:\\\/\\\/kiddoo.ee\\\/en\\\/shop\\\/\"},{\"@type\":\"ListItem\",\"position\":3,\"name\":\"Joogi- ja sn\u00e4kitops lapsele \u2013 ohutu, praktiline ja 100% silikoon\"}]},{\"@type\":\"WebSite\",\"@id\":\"http:\\\/\\\/kiddoo.ee\\\/#website\",\"url\":\"http:\\\/\\\/kiddoo.ee\\\/\",\"name\":\"Kiddoo\",\"description\":\"Kvaliteet ja Eesti disain sinu lapsele\",\"publisher\":{\"@id\":\"http:\\\/\\\/kiddoo.ee\\\/#organization\"},\"potentialAction\":[{\"@type\":\"SearchAction\",\"target\":{\"@type\":\"EntryPoint\",\"urlTemplate\":\"http:\\\/\\\/kiddoo.ee\\\/?s={search_term_string}\"},\"query-input\":{\"@type\":\"PropertyValueSpecification\",\"valueRequired\":true,\"valueName\":\"search_term_string\"}}],\"inLanguage\":\"en-GB\"},{\"@type\":\"Organization\",\"@id\":\"http:\\\/\\\/kiddoo.ee\\\/#organization\",\"name\":\"Kiddoo\",\"url\":\"http:\\\/\\\/kiddoo.ee\\\/\",\"logo\":{\"@type\":\"ImageObject\",\"inLanguage\":\"en-GB\",\"@id\":\"http:\\\/\\\/kiddoo.ee\\\/#\\\/schema\\\/logo\\\/image\\\/\",\"url\":\"https:\\\/\\\/kiddoo.ee\\\/wp-content\\\/uploads\\\/2021\\\/10\\\/logo-04-scaled.jpg\",\"contentUrl\":\"https:\\\/\\\/kiddoo.ee\\\/wp-content\\\/uploads\\\/2021\\\/10\\\/logo-04-scaled.jpg\",\"width\":2560,\"height\":2560,\"caption\":\"Kiddoo\"},\"image\":{\"@id\":\"http:\\\/\\\/kiddoo.ee\\\/#\\\/schema\\\/logo\\\/image\\\/\"},\"sameAs\":[\"https:\\\/\\\/www.facebook.com\\\/Kiddoo-103191601863440\"]}]}<\/script>\n<!-- \/ Yoast SEO plugin. -->","yoast_head_json":{"title":"Joogi- ja sn\u00e4kitops lapsele \u2013 ohutu ja 100% silikoon- kiddoo.ee","description":"Osta lapsele joogi- ja sn\u00e4kitops \u2013 100% silikoonist, ohutu, ei purune, mahutab 150 ml. Sobib mikrolaineahju ja n\u00f5udepesumasinasse, disainitud Eestis.","robots":{"index":"index","follow":"follow","max-snippet":"max-snippet:-1","max-image-preview":"max-image-preview:large","max-video-preview":"max-video-preview:-1"},"canonical":"https:\/\/kiddoo.ee\/product\/joogi-snakitops-lapsele\/","og_locale":"en_GB","og_type":"article","og_title":"Joogi- ja sn\u00e4kitops lapsele \u2013 ohutu ja 100% silikoon- kiddoo.ee","og_description":"Osta lapsele joogi- ja sn\u00e4kitops \u2013 100% silikoonist, ohutu, ei purune, mahutab 150 ml. Sobib mikrolaineahju ja n\u00f5udepesumasinasse, disainitud Eestis.","og_url":"https:\/\/kiddoo.ee\/product\/joogi-snakitops-lapsele\/","og_site_name":"Kiddoo","article_publisher":"https:\/\/www.facebook.com\/Kiddoo-103191601863440","article_modified_time":"2026-03-23T17:17:06+00:00","og_image":[{"width":2359,"height":2359,"url":"https:\/\/kiddoo.ee\/wp-content\/uploads\/2022\/03\/VWSZ3343.jpg","type":"image\/jpeg"}],"twitter_card":"summary_large_image","twitter_misc":{"Estimated reading time":"1 minute"},"schema":{"@context":"https:\/\/schema.org","@graph":[{"@type":"WebPage","@id":"https:\/\/kiddoo.ee\/product\/joogi-snakitops-lapsele\/","url":"https:\/\/kiddoo.ee\/product\/joogi-snakitops-lapsele\/","name":"Joogi- ja sn\u00e4kitops lapsele \u2013 ohutu ja 100% silikoon- kiddoo.ee","isPartOf":{"@id":"http:\/\/kiddoo.ee\/#website"},"primaryImageOfPage":{"@id":"https:\/\/kiddoo.ee\/product\/joogi-snakitops-lapsele\/#primaryimage"},"image":{"@id":"https:\/\/kiddoo.ee\/product\/joogi-snakitops-lapsele\/#primaryimage"},"thumbnailUrl":"https:\/\/www.kiddoo.ee\/wp-content\/uploads\/2022\/03\/VWSZ3343.jpg","datePublished":"2025-09-29T21:00:25+00:00","dateModified":"2026-03-23T17:17:06+00:00","description":"Osta lapsele joogi- ja sn\u00e4kitops \u2013 100% silikoonist, ohutu, ei purune, mahutab 150 ml. Sobib mikrolaineahju ja n\u00f5udepesumasinasse, disainitud Eestis.","breadcrumb":{"@id":"https:\/\/kiddoo.ee\/product\/joogi-snakitops-lapsele\/#breadcrumb"},"inLanguage":"en-GB","potentialAction":[{"@type":"ReadAction","target":["https:\/\/kiddoo.ee\/product\/joogi-snakitops-lapsele\/"]}]},{"@type":"ImageObject","inLanguage":"en-GB","@id":"https:\/\/kiddoo.ee\/product\/joogi-snakitops-lapsele\/#primaryimage","url":"https:\/\/www.kiddoo.ee\/wp-content\/uploads\/2022\/03\/VWSZ3343.jpg","contentUrl":"https:\/\/www.kiddoo.ee\/wp-content\/uploads\/2022\/03\/VWSZ3343.jpg","width":2359,"height":2359},{"@type":"BreadcrumbList","@id":"https:\/\/kiddoo.ee\/product\/joogi-snakitops-lapsele\/#breadcrumb","itemListElement":[{"@type":"ListItem","position":1,"name":"Home","item":"http:\/\/kiddoo.ee\/"},{"@type":"ListItem","position":2,"name":"Pood","item":"https:\/\/kiddoo.ee\/en\/shop\/"},{"@type":"ListItem","position":3,"name":"Joogi- ja sn\u00e4kitops lapsele \u2013 ohutu, praktiline ja 100% silikoon"}]},{"@type":"WebSite","@id":"http:\/\/kiddoo.ee\/#website","url":"http:\/\/kiddoo.ee\/","name":"Kiddoo","description":"Kvaliteet ja Eesti disain sinu lapsele","publisher":{"@id":"http:\/\/kiddoo.ee\/#organization"},"potentialAction":[{"@type":"SearchAction","target":{"@type":"EntryPoint","urlTemplate":"http:\/\/kiddoo.ee\/?s={search_term_string}"},"query-input":{"@type":"PropertyValueSpecification","valueRequired":true,"valueName":"search_term_string"}}],"inLanguage":"en-GB"},{"@type":"Organization","@id":"http:\/\/kiddoo.ee\/#organization","name":"Kiddoo","url":"http:\/\/kiddoo.ee\/","logo":{"@type":"ImageObject","inLanguage":"en-GB","@id":"http:\/\/kiddoo.ee\/#\/schema\/logo\/image\/","url":"https:\/\/kiddoo.ee\/wp-content\/uploads\/2021\/10\/logo-04-scaled.jpg","contentUrl":"https:\/\/kiddoo.ee\/wp-content\/uploads\/2021\/10\/logo-04-scaled.jpg","width":2560,"height":2560,"caption":"Kiddoo"},"image":{"@id":"http:\/\/kiddoo.ee\/#\/schema\/logo\/image\/"},"sameAs":["https:\/\/www.facebook.com\/Kiddoo-103191601863440"]}]}},"_links":{"self":[{"href":"https:\/\/www.kiddoo.ee\/en\/wp-json\/wp\/v2\/product\/6105","targetHints":{"allow":["GET"]}}],"collection":[{"href":"https:\/\/www.kiddoo.ee\/en\/wp-json\/wp\/v2\/product"}],"about":[{"href":"https:\/\/www.kiddoo.ee\/en\/wp-json\/wp\/v2\/types\/product"}],"wp:featuredmedia":[{"embeddable":true,"href":"https:\/\/www.kiddoo.ee\/en\/wp-json\/wp\/v2\/media\/1860"}],"wp:attachment":[{"href":"https:\/\/www.kiddoo.ee\/en\/wp-json\/wp\/v2\/media?parent=6105"}],"wp:term":[{"taxonomy":"product_brand","embeddable":true,"href":"https:\/\/www.kiddoo.ee\/en\/wp-json\/wp\/v2\/product_brand?post=6105"},{"taxonomy":"product_cat","embeddable":true,"href":"https:\/\/www.kiddoo.ee\/en\/wp-json\/wp\/v2\/product_cat?post=6105"},{"taxonomy":"product_tag","embeddable":true,"href":"https:\/\/www.kiddoo.ee\/en\/wp-json\/wp\/v2\/product_tag?post=6105"}],"curies":[{"name":"wp","href":"https:\/\/api.w.org\/{rel}","templated":true}]}}