{"id":5695,"date":"2025-09-17T11:33:17","date_gmt":"2025-09-17T11:33:17","guid":{"rendered":"https:\/\/kiddoo.ee\/?post_type=product&#038;p=5695"},"modified":"2026-04-15T07:07:45","modified_gmt":"2026-04-15T07:07:45","slug":"bambustekk-beebile","status":"publish","type":"product","link":"https:\/\/www.kiddoo.ee\/en\/product\/bambustekk-beebile\/","title":{"rendered":"Bambusl\u00f5ngast kootud beebitekk &#8220;Diamond&#8221;"},"content":{"rendered":"<h1>Bambusl\u00f5ngast kootud beebitekk<\/h1>\n<p>Soojus ja mugavustunne on iga beebi rahulolu alus. Iga vanem peab tegema olulise valiku, milline tekk beebile valida. Kiddoo bambusest beebitekk on eriti \u00f5rn ja \u00f5huline. Tekk on m\u00f5nusalt pehme ja hingav. Sobilik beebidele alates s\u00fcnnist.<\/p>\n<h2>Bambustekk: Siidine pehmus igas puudutuses<\/h2>\n<p>Beebitekk on valmistatud kvaliteetsest bambusl\u00f5ngast, mis juhib liigse niiskuse beebi nahalt \u00e4ra. Bambus on looduslik kiud, mida ei ole keemiliselt t\u00f6\u00f6deldud, t\u00e4nu sellele on tagatud allergiavastased ja antibakteriaalsed omadused.<\/p>\n<p>See on t\u00e4iuslik valik beebidele, kellel on eriti tundlik nahk. Bambuskiud on looduslikult antibakteriaalsed ja h\u00fcpoallergeensed, andes teile meelerahu teades, et teie laps on kaitstud. Lisaks on see materjal suurep\u00e4rane termoregulaator, mis hoiab beebil igas olukorras sobival temperatuuril \u2013 suvel jahedana ja talvel soojana, v\u00e4ltides \u00fclekuumenemist.<\/p>\n<h2>Mitmek\u00fclgne ja praktiline kasutus<\/h2>\n<p>Meie tekid on disainitud olema rohkem kui lihtsalt soojuse pakkujad. Kiddoo beebiteki kaunis v\u00e4limus, funktsionaalsus ja suurep\u00e4rased omadused teevad sellest ideaalse kingiidee. Iga ema soovib pakkuda oma lapsele parimat ning meie bambustekk on kindlasti parim valik beebi \u00f5rnale nahale.<\/p>\n<p>T\u00e4nu oma kergele ja mitmek\u00fclgsele struktuurile on need ideaalsed mitmeks otstarbeks:<\/p>\n<h4>Toote omadused<\/h4>\n<ul>\n<li>Incredible softness<\/li>\n<li>M\u00f5\u00f5dud 80 x 100cm;<\/li>\n<li>Suitable from birth<\/li>\n<li>Antibacterial and mold resistant<\/li>\n<li>Absorbs 60% better moisture than cotton<\/li>\n<li>Provides natural protection against UV radiation<\/li>\n<li>Hypoallergenic and suitable for sensitive skin<\/li>\n<li>OEKO-TEX Standard 100 Class 1<\/li>\n<li>Gentle machine wash up to 40 degrees celsius, do not tumble dry. We recommend to wash with wool shampoo and lay horizontal for drying<\/li>\n<li>T\u00e4ielikult biolagunev<\/li>\n<li>Eesti disain;<\/li>\n<li>Toodetud Euroopas.<\/li>\n<\/ul>","protected":false},"excerpt":{"rendered":"<p>Bambusl\u00f5ngast kootud beebitekk Soojus ja mugavustunne on iga beebi rahulolu alus. Iga vanem peab tegema olulise valiku, milline tekk beebile valida. Kiddoo bambusest beebitekk on eriti \u00f5rn ja \u00f5huline. Tekk on m\u00f5nusalt pehme ja hingav. Sobilik beebidele alates s\u00fcnnist. Bambustekk: Siidine pehmus igas puudutuses Beebitekk on valmistatud kvaliteetsest bambusl\u00f5ngast, mis juhib liigse niiskuse beebi nahalt \u00e4ra. Bambus on looduslik kiud, mida ei ole keemiliselt t\u00f6\u00f6deldud, t\u00e4nu sellele on tagatud allergiavastased ja antibakteriaalsed omadused. See on t\u00e4iuslik valik beebidele, kellel on eriti tundlik nahk. Bambuskiud on looduslikult antibakteriaalsed ja h\u00fcpoallergeensed, andes teile meelerahu teades, et teie laps on kaitstud. Lisaks on see materjal suurep\u00e4rane termoregulaator, mis hoiab beebil igas olukorras sobival temperatuuril \u2013 suvel jahedana ja talvel soojana, v\u00e4ltides \u00fclekuumenemist. Mitmek\u00fclgne ja praktiline kasutus Meie tekid on disainitud olema rohkem kui lihtsalt soojuse pakkujad. Kiddoo beebiteki kaunis v\u00e4limus, funktsionaalsus ja suurep\u00e4rased omadused teevad sellest ideaalse kingiidee. Iga ema soovib pakkuda oma lapsele parimat ning meie bambustekk on kindlasti parim valik beebi \u00f5rnale nahale. T\u00e4nu oma kergele ja mitmek\u00fclgsele struktuurile on need ideaalsed mitmeks otstarbeks: Toote omadused Valmistatud 100% bambusl\u00f5ngast M\u00f5\u00f5dud 80 x 100cm; Sobilik alates s\u00fcnnist; Antibakteriaalne ja hallituskindel; Imab niiskust 60% paremini kui puuvill; Pakub naturaalset kaitset UV kiirguse vastu; H\u00fcpoallergeeniline ja sobilik tundlikule nahale; OEKO-TEX\u00ae standard 100 Class 1; \u00d5rn masinpesu kuni 40 kraadi, mitte kasutada trummelkuivatust. Soovitame pesta villa\u0161ampooniga ning kuivatamiseks laotada tasasele pinnale; T\u00e4ielikult biolagunev Eesti disain; Toodetud Euroopas.<\/p>","protected":false},"featured_media":3506,"template":"","meta":[],"product_brand":[],"product_cat":[34,317],"product_tag":[],"class_list":{"0":"post-5695","1":"product","2":"type-product","3":"status-publish","4":"has-post-thumbnail","6":"product_cat-blankets","7":"product_cat-diamond","9":"first","10":"instock","11":"taxable","12":"shipping-taxable","13":"purchasable","14":"product-type-variable"},"yoast_head":"<!-- This site is optimized with the Yoast SEO plugin v27.5 - https:\/\/yoast.com\/product\/yoast-seo-wordpress\/ -->\n<title>Bambustekk beebile - h\u00fcpoallergeenne, pehme ja siidine | Kiddoo<\/title>\n<meta name=\"description\" content=\"Avasta Kiddoo 100% bambusl\u00f5ngast bambustekk beebile. Looduslikult h\u00fcpoallergeenne ja hingav kangas on ideaalne sinu lapse tundlikule nahale. Osta kohe!\" \/>\n<meta name=\"robots\" content=\"index, follow, max-snippet:-1, max-image-preview:large, max-video-preview:-1\" \/>\n<link rel=\"canonical\" href=\"https:\/\/kiddoo.ee\/product\/bambustekk-beebile\/\" \/>\n<meta property=\"og:locale\" content=\"en_GB\" \/>\n<meta property=\"og:type\" content=\"article\" \/>\n<meta property=\"og:title\" content=\"Bambustekk beebile - h\u00fcpoallergeenne, pehme ja siidine | Kiddoo\" \/>\n<meta property=\"og:description\" content=\"Avasta Kiddoo 100% bambusl\u00f5ngast bambustekk beebile. Looduslikult h\u00fcpoallergeenne ja hingav kangas on ideaalne sinu lapse tundlikule nahale. Osta kohe!\" \/>\n<meta property=\"og:url\" content=\"https:\/\/kiddoo.ee\/product\/bambustekk-beebile\/\" \/>\n<meta property=\"og:site_name\" content=\"Kiddoo\" \/>\n<meta property=\"article:publisher\" content=\"https:\/\/www.facebook.com\/Kiddoo-103191601863440\" \/>\n<meta property=\"article:modified_time\" content=\"2026-04-15T07:07:45+00:00\" \/>\n<meta property=\"og:image\" content=\"https:\/\/www.kiddoo.ee\/wp-content\/uploads\/2023\/10\/IMG_7438_jpg-scaled.jpeg\" \/>\n\t<meta property=\"og:image:width\" content=\"2560\" \/>\n\t<meta property=\"og:image:height\" content=\"2560\" \/>\n\t<meta property=\"og:image:type\" content=\"image\/jpeg\" \/>\n<meta name=\"twitter:card\" content=\"summary_large_image\" \/>\n<meta name=\"twitter:label1\" content=\"Estimated reading time\" \/>\n\t<meta name=\"twitter:data1\" content=\"2 minutes\" \/>\n<script type=\"application\/ld+json\" class=\"yoast-schema-graph\">{\"@context\":\"https:\\\/\\\/schema.org\",\"@graph\":[{\"@type\":\"WebPage\",\"@id\":\"https:\\\/\\\/kiddoo.ee\\\/product\\\/bambustekk-beebile\\\/\",\"url\":\"https:\\\/\\\/kiddoo.ee\\\/product\\\/bambustekk-beebile\\\/\",\"name\":\"Bambustekk beebile - h\u00fcpoallergeenne, pehme ja siidine | Kiddoo\",\"isPartOf\":{\"@id\":\"http:\\\/\\\/kiddoo.ee\\\/#website\"},\"primaryImageOfPage\":{\"@id\":\"https:\\\/\\\/kiddoo.ee\\\/product\\\/bambustekk-beebile\\\/#primaryimage\"},\"image\":{\"@id\":\"https:\\\/\\\/kiddoo.ee\\\/product\\\/bambustekk-beebile\\\/#primaryimage\"},\"thumbnailUrl\":\"https:\\\/\\\/www.kiddoo.ee\\\/wp-content\\\/uploads\\\/2023\\\/10\\\/IMG_7438_jpg-scaled.jpeg\",\"datePublished\":\"2025-09-17T11:33:17+00:00\",\"dateModified\":\"2026-04-15T07:07:45+00:00\",\"description\":\"Avasta Kiddoo 100% bambusl\u00f5ngast bambustekk beebile. Looduslikult h\u00fcpoallergeenne ja hingav kangas on ideaalne sinu lapse tundlikule nahale. Osta kohe!\",\"breadcrumb\":{\"@id\":\"https:\\\/\\\/kiddoo.ee\\\/product\\\/bambustekk-beebile\\\/#breadcrumb\"},\"inLanguage\":\"en-GB\",\"potentialAction\":[{\"@type\":\"ReadAction\",\"target\":[\"https:\\\/\\\/kiddoo.ee\\\/product\\\/bambustekk-beebile\\\/\"]}]},{\"@type\":\"ImageObject\",\"inLanguage\":\"en-GB\",\"@id\":\"https:\\\/\\\/kiddoo.ee\\\/product\\\/bambustekk-beebile\\\/#primaryimage\",\"url\":\"https:\\\/\\\/www.kiddoo.ee\\\/wp-content\\\/uploads\\\/2023\\\/10\\\/IMG_7438_jpg-scaled.jpeg\",\"contentUrl\":\"https:\\\/\\\/www.kiddoo.ee\\\/wp-content\\\/uploads\\\/2023\\\/10\\\/IMG_7438_jpg-scaled.jpeg\",\"width\":2560,\"height\":2560},{\"@type\":\"BreadcrumbList\",\"@id\":\"https:\\\/\\\/kiddoo.ee\\\/product\\\/bambustekk-beebile\\\/#breadcrumb\",\"itemListElement\":[{\"@type\":\"ListItem\",\"position\":1,\"name\":\"Home\",\"item\":\"http:\\\/\\\/kiddoo.ee\\\/\"},{\"@type\":\"ListItem\",\"position\":2,\"name\":\"Pood\",\"item\":\"https:\\\/\\\/kiddoo.ee\\\/en\\\/shop\\\/\"},{\"@type\":\"ListItem\",\"position\":3,\"name\":\"Bambusl\u00f5ngast kootud beebitekk &#8220;Diamond&#8221;\"}]},{\"@type\":\"WebSite\",\"@id\":\"http:\\\/\\\/kiddoo.ee\\\/#website\",\"url\":\"http:\\\/\\\/kiddoo.ee\\\/\",\"name\":\"Kiddoo\",\"description\":\"Kvaliteet ja Eesti disain sinu lapsele\",\"publisher\":{\"@id\":\"http:\\\/\\\/kiddoo.ee\\\/#organization\"},\"potentialAction\":[{\"@type\":\"SearchAction\",\"target\":{\"@type\":\"EntryPoint\",\"urlTemplate\":\"http:\\\/\\\/kiddoo.ee\\\/?s={search_term_string}\"},\"query-input\":{\"@type\":\"PropertyValueSpecification\",\"valueRequired\":true,\"valueName\":\"search_term_string\"}}],\"inLanguage\":\"en-GB\"},{\"@type\":\"Organization\",\"@id\":\"http:\\\/\\\/kiddoo.ee\\\/#organization\",\"name\":\"Kiddoo\",\"url\":\"http:\\\/\\\/kiddoo.ee\\\/\",\"logo\":{\"@type\":\"ImageObject\",\"inLanguage\":\"en-GB\",\"@id\":\"http:\\\/\\\/kiddoo.ee\\\/#\\\/schema\\\/logo\\\/image\\\/\",\"url\":\"https:\\\/\\\/kiddoo.ee\\\/wp-content\\\/uploads\\\/2021\\\/10\\\/logo-04-scaled.jpg\",\"contentUrl\":\"https:\\\/\\\/kiddoo.ee\\\/wp-content\\\/uploads\\\/2021\\\/10\\\/logo-04-scaled.jpg\",\"width\":2560,\"height\":2560,\"caption\":\"Kiddoo\"},\"image\":{\"@id\":\"http:\\\/\\\/kiddoo.ee\\\/#\\\/schema\\\/logo\\\/image\\\/\"},\"sameAs\":[\"https:\\\/\\\/www.facebook.com\\\/Kiddoo-103191601863440\"]}]}<\/script>\n<!-- \/ Yoast SEO plugin. -->","yoast_head_json":{"title":"Bambustekk beebile - h\u00fcpoallergeenne, pehme ja siidine | Kiddoo","description":"Avasta Kiddoo 100% bambusl\u00f5ngast bambustekk beebile. Looduslikult h\u00fcpoallergeenne ja hingav kangas on ideaalne sinu lapse tundlikule nahale. Osta kohe!","robots":{"index":"index","follow":"follow","max-snippet":"max-snippet:-1","max-image-preview":"max-image-preview:large","max-video-preview":"max-video-preview:-1"},"canonical":"https:\/\/kiddoo.ee\/product\/bambustekk-beebile\/","og_locale":"en_GB","og_type":"article","og_title":"Bambustekk beebile - h\u00fcpoallergeenne, pehme ja siidine | Kiddoo","og_description":"Avasta Kiddoo 100% bambusl\u00f5ngast bambustekk beebile. Looduslikult h\u00fcpoallergeenne ja hingav kangas on ideaalne sinu lapse tundlikule nahale. Osta kohe!","og_url":"https:\/\/kiddoo.ee\/product\/bambustekk-beebile\/","og_site_name":"Kiddoo","article_publisher":"https:\/\/www.facebook.com\/Kiddoo-103191601863440","article_modified_time":"2026-04-15T07:07:45+00:00","og_image":[{"width":2560,"height":2560,"url":"https:\/\/www.kiddoo.ee\/wp-content\/uploads\/2023\/10\/IMG_7438_jpg-scaled.jpeg","type":"image\/jpeg"}],"twitter_card":"summary_large_image","twitter_misc":{"Estimated reading time":"2 minutes"},"schema":{"@context":"https:\/\/schema.org","@graph":[{"@type":"WebPage","@id":"https:\/\/kiddoo.ee\/product\/bambustekk-beebile\/","url":"https:\/\/kiddoo.ee\/product\/bambustekk-beebile\/","name":"Bambustekk beebile - h\u00fcpoallergeenne, pehme ja siidine | Kiddoo","isPartOf":{"@id":"http:\/\/kiddoo.ee\/#website"},"primaryImageOfPage":{"@id":"https:\/\/kiddoo.ee\/product\/bambustekk-beebile\/#primaryimage"},"image":{"@id":"https:\/\/kiddoo.ee\/product\/bambustekk-beebile\/#primaryimage"},"thumbnailUrl":"https:\/\/www.kiddoo.ee\/wp-content\/uploads\/2023\/10\/IMG_7438_jpg-scaled.jpeg","datePublished":"2025-09-17T11:33:17+00:00","dateModified":"2026-04-15T07:07:45+00:00","description":"Avasta Kiddoo 100% bambusl\u00f5ngast bambustekk beebile. Looduslikult h\u00fcpoallergeenne ja hingav kangas on ideaalne sinu lapse tundlikule nahale. Osta kohe!","breadcrumb":{"@id":"https:\/\/kiddoo.ee\/product\/bambustekk-beebile\/#breadcrumb"},"inLanguage":"en-GB","potentialAction":[{"@type":"ReadAction","target":["https:\/\/kiddoo.ee\/product\/bambustekk-beebile\/"]}]},{"@type":"ImageObject","inLanguage":"en-GB","@id":"https:\/\/kiddoo.ee\/product\/bambustekk-beebile\/#primaryimage","url":"https:\/\/www.kiddoo.ee\/wp-content\/uploads\/2023\/10\/IMG_7438_jpg-scaled.jpeg","contentUrl":"https:\/\/www.kiddoo.ee\/wp-content\/uploads\/2023\/10\/IMG_7438_jpg-scaled.jpeg","width":2560,"height":2560},{"@type":"BreadcrumbList","@id":"https:\/\/kiddoo.ee\/product\/bambustekk-beebile\/#breadcrumb","itemListElement":[{"@type":"ListItem","position":1,"name":"Home","item":"http:\/\/kiddoo.ee\/"},{"@type":"ListItem","position":2,"name":"Pood","item":"https:\/\/kiddoo.ee\/en\/shop\/"},{"@type":"ListItem","position":3,"name":"Bambusl\u00f5ngast kootud beebitekk &#8220;Diamond&#8221;"}]},{"@type":"WebSite","@id":"http:\/\/kiddoo.ee\/#website","url":"http:\/\/kiddoo.ee\/","name":"Kiddoo","description":"Kvaliteet ja Eesti disain sinu lapsele","publisher":{"@id":"http:\/\/kiddoo.ee\/#organization"},"potentialAction":[{"@type":"SearchAction","target":{"@type":"EntryPoint","urlTemplate":"http:\/\/kiddoo.ee\/?s={search_term_string}"},"query-input":{"@type":"PropertyValueSpecification","valueRequired":true,"valueName":"search_term_string"}}],"inLanguage":"en-GB"},{"@type":"Organization","@id":"http:\/\/kiddoo.ee\/#organization","name":"Kiddoo","url":"http:\/\/kiddoo.ee\/","logo":{"@type":"ImageObject","inLanguage":"en-GB","@id":"http:\/\/kiddoo.ee\/#\/schema\/logo\/image\/","url":"https:\/\/kiddoo.ee\/wp-content\/uploads\/2021\/10\/logo-04-scaled.jpg","contentUrl":"https:\/\/kiddoo.ee\/wp-content\/uploads\/2021\/10\/logo-04-scaled.jpg","width":2560,"height":2560,"caption":"Kiddoo"},"image":{"@id":"http:\/\/kiddoo.ee\/#\/schema\/logo\/image\/"},"sameAs":["https:\/\/www.facebook.com\/Kiddoo-103191601863440"]}]}},"_links":{"self":[{"href":"https:\/\/www.kiddoo.ee\/en\/wp-json\/wp\/v2\/product\/5695","targetHints":{"allow":["GET"]}}],"collection":[{"href":"https:\/\/www.kiddoo.ee\/en\/wp-json\/wp\/v2\/product"}],"about":[{"href":"https:\/\/www.kiddoo.ee\/en\/wp-json\/wp\/v2\/types\/product"}],"wp:featuredmedia":[{"embeddable":true,"href":"https:\/\/www.kiddoo.ee\/en\/wp-json\/wp\/v2\/media\/3506"}],"wp:attachment":[{"href":"https:\/\/www.kiddoo.ee\/en\/wp-json\/wp\/v2\/media?parent=5695"}],"wp:term":[{"taxonomy":"product_brand","embeddable":true,"href":"https:\/\/www.kiddoo.ee\/en\/wp-json\/wp\/v2\/product_brand?post=5695"},{"taxonomy":"product_cat","embeddable":true,"href":"https:\/\/www.kiddoo.ee\/en\/wp-json\/wp\/v2\/product_cat?post=5695"},{"taxonomy":"product_tag","embeddable":true,"href":"https:\/\/www.kiddoo.ee\/en\/wp-json\/wp\/v2\/product_tag?post=5695"}],"curies":[{"name":"wp","href":"https:\/\/api.w.org\/{rel}","templated":true}]}}