{"id":5650,"date":"2025-09-13T19:26:25","date_gmt":"2025-09-13T19:26:25","guid":{"rendered":"https:\/\/kiddoo.ee\/?post_type=product&#038;p=5650"},"modified":"2026-04-24T18:46:09","modified_gmt":"2026-04-24T18:46:09","slug":"musliinkangast-beebitekk-nahasobralik-pehme-ning-hingav","status":"publish","type":"product","link":"https:\/\/www.kiddoo.ee\/en\/product\/musliinkangast-beebitekk-nahasobralik-pehme-ning-hingav\/","title":{"rendered":"Musliintekk beebile &#8220;\u00dchev\u00e4rvilised&#8221; \u2013 pehme ja \u00f5rn beebi nahale"},"content":{"rendered":"<h1>Musliintekk beebile \u2013 pehme ja \u00f5rn beebi nahale<\/h1>\n<p>Kiddoo musliintekk on v\u00e4ga praktiline ja multifunktsionaalne. Tekike on valmistatud \u00f6ko puuvillast, mis on eriti pehme ja nahas\u00f5bralik. Sobib h\u00e4sti kasutada \u00f5hema beebitekina v\u00f5i beebi m\u00e4hkimiseks kookonisse. Tekk on piisavalt \u00f5huke, et kasutada seda vankri varjuna p\u00e4ikese eest. Lisaks on tekike hea abimees imetamisel nii liigse piima p\u00fc\u00fcdmisel kui ka soovi korral privaatsust andes. Tekk sobib ideaalselt ka kuivatusr\u00e4tiks, ranna- v\u00f5i voodilinaks.<\/p>\n<p>Musliintekil on hea omadus muutuda iga pesukorraga j\u00e4rjest pehmemaks. Tekike imab kergesti niiskust ning laseb h\u00e4sti \u00f5hku l\u00e4bi. Musliinist beebitekid on viimastel aastatel j\u00e4rjest populaarsemad, kuna on v\u00e4ga mitmek\u00fclgselt kasutatav, pehme, kerge ja hingav pakkudes mitmeid eeliseid nii beebidele kui lapsevanematele.<\/p>\n<p>Meie musliintekid on paljude emade poolt kiidetud, kuna on just t\u00e4pselt \u00f5ige paksuse ja suurusega, mis tagabki teki v\u00e4ga laia kasutusala. Kindlasti \u00fcks nendest toodetest, mida iga ema vajab beebikotti, et v\u00f5imalikult mugavalt beebiga igap\u00e4evaseid toimetusi sujuvamaks teha. Kahekihiline musliinist tekk on suurep\u00e4rane abivahend imiteerimaks turvalist keskkonda juba ema\u00fcsast alates. Seet\u00f5ttu soovitame tekikesi varuda juba enne beebis\u00fcndi ning loomulikult sobib musliintekk ka suurep\u00e4raselt kingituseks, kuna laia kasutusv\u00f5imaluse t\u00f5ttu kulub neid alati rohkem kui \u00fcks.<\/p>\n<ul>\n<li>100% cotton<\/li>\n<li>Light and breathable<\/li>\n<li>M\u00f5\u00f5dud 110x120cm<\/li>\n<li>Pesta 30-40 kraadises vees. Trummelkuivatus madalal temperatuuril, kuid soovitame kuivatada \u00f5hu k\u00e4es. P\u00e4rast pesu soovitav m\u00e4rga tekki raputada v\u00f5i kuivatada tasasel pinnal, et s\u00e4iliks esialgne kuju<\/li>\n<\/ul>\n<div>\n<ul>\n<li>Wash before first usage<\/li>\n<\/ul>\n<\/div>","protected":false},"excerpt":{"rendered":"<p>Musliintekk beebile \u2013 pehme ja \u00f5rn beebi nahale Kiddoo musliintekk on v\u00e4ga praktiline ja multifunktsionaalne. Tekike on valmistatud \u00f6ko puuvillast, mis on eriti pehme ja nahas\u00f5bralik. Sobib h\u00e4sti kasutada \u00f5hema beebitekina v\u00f5i beebi m\u00e4hkimiseks kookonisse. Tekk on piisavalt \u00f5huke, et kasutada seda vankri varjuna p\u00e4ikese eest. Lisaks on tekike hea abimees imetamisel nii liigse piima p\u00fc\u00fcdmisel kui ka soovi korral privaatsust andes. Tekk sobib ideaalselt ka kuivatusr\u00e4tiks, ranna- v\u00f5i voodilinaks. Musliintekil on hea omadus muutuda iga pesukorraga j\u00e4rjest pehmemaks. Tekike imab kergesti niiskust ning laseb h\u00e4sti \u00f5hku l\u00e4bi. Musliinist beebitekid on viimastel aastatel j\u00e4rjest populaarsemad, kuna on v\u00e4ga mitmek\u00fclgselt kasutatav, pehme, kerge ja hingav pakkudes mitmeid eeliseid nii beebidele kui lapsevanematele. Meie musliintekid on paljude emade poolt kiidetud, kuna on just t\u00e4pselt \u00f5ige paksuse ja suurusega, mis tagabki teki v\u00e4ga laia kasutusala. Kindlasti \u00fcks nendest toodetest, mida iga ema vajab beebikotti, et v\u00f5imalikult mugavalt beebiga igap\u00e4evaseid toimetusi sujuvamaks teha. Kahekihiline musliinist tekk on suurep\u00e4rane abivahend imiteerimaks turvalist keskkonda juba ema\u00fcsast alates. Seet\u00f5ttu soovitame tekikesi varuda juba enne beebis\u00fcndi ning loomulikult sobib musliintekk ka suurep\u00e4raselt kingituseks, kuna laia kasutusv\u00f5imaluse t\u00f5ttu kulub neid alati rohkem kui \u00fcks. 100% \u00f6koloogiline puuvill Hingav ja \u00f5huline M\u00f5\u00f5dud 110x120cm Pesta 30-40 kraadises vees. Trummelkuivatus madalal temperatuuril, kuid soovitame kuivatada \u00f5hu k\u00e4es. P\u00e4rast pesu soovitav m\u00e4rga tekki raputada v\u00f5i kuivatada tasasel pinnal, et s\u00e4iliks esialgne kuju Soovitame pesta enne esmast kasutamist<\/p>","protected":false},"featured_media":5656,"template":"","meta":[],"product_brand":[],"product_cat":[295,297],"product_tag":[262,326],"class_list":{"0":"post-5650","1":"product","2":"type-product","3":"status-publish","4":"has-post-thumbnail","6":"product_cat-muslin-tekk","7":"product_cat-uneaeg","8":"product_tag-beebitekk","9":"product_tag-musliintekk","11":"first","12":"instock","13":"taxable","14":"shipping-taxable","15":"purchasable","16":"product-type-variable"},"yoast_head":"<!-- This site is optimized with the Yoast SEO plugin v27.5 - https:\/\/yoast.com\/product\/yoast-seo-wordpress\/ -->\n<title>Musliinkangast beebitekk - pehme ja nahas\u00f5bralik | Kiddoo.ee<\/title>\n<meta name=\"description\" content=\"Avasta naturaalne musliinkangast beebitekk, mis on pehme, hingav ja nahas\u00f5bralik. Ideaalne igap\u00e4evaseks kasutamiseks vasts\u00fcndinule ja beebile.\" \/>\n<meta name=\"robots\" content=\"index, follow, max-snippet:-1, max-image-preview:large, max-video-preview:-1\" \/>\n<link rel=\"canonical\" href=\"http:\/\/kiddoo.ee\/product\/musliinkangast-beebitekk-nahasobralik-pehme-ning-hingav\/\" \/>\n<meta property=\"og:locale\" content=\"en_GB\" \/>\n<meta property=\"og:type\" content=\"article\" \/>\n<meta property=\"og:title\" content=\"Musliinkangast beebitekk - pehme ja nahas\u00f5bralik | Kiddoo.ee\" \/>\n<meta property=\"og:description\" content=\"Avasta naturaalne musliinkangast beebitekk, mis on pehme, hingav ja nahas\u00f5bralik. Ideaalne igap\u00e4evaseks kasutamiseks vasts\u00fcndinule ja beebile.\" \/>\n<meta property=\"og:url\" content=\"http:\/\/kiddoo.ee\/product\/musliinkangast-beebitekk-nahasobralik-pehme-ning-hingav\/\" \/>\n<meta property=\"og:site_name\" content=\"Kiddoo\" \/>\n<meta property=\"article:publisher\" content=\"https:\/\/www.facebook.com\/Kiddoo-103191601863440\" \/>\n<meta property=\"article:modified_time\" content=\"2026-04-24T18:46:09+00:00\" \/>\n<meta property=\"og:image\" content=\"http:\/\/www.kiddoo.ee\/wp-content\/uploads\/2025\/09\/DBCBC3EA-E11A-4386-9B9A-E44ABC0CE21E-700x700-1.jpeg\" \/>\n\t<meta property=\"og:image:width\" content=\"700\" \/>\n\t<meta property=\"og:image:height\" content=\"700\" \/>\n\t<meta property=\"og:image:type\" content=\"image\/jpeg\" \/>\n<meta name=\"twitter:card\" content=\"summary_large_image\" \/>\n<meta name=\"twitter:label1\" content=\"Estimated reading time\" \/>\n\t<meta name=\"twitter:data1\" content=\"2 minutes\" \/>\n<script type=\"application\/ld+json\" class=\"yoast-schema-graph\">{\"@context\":\"https:\\\/\\\/schema.org\",\"@graph\":[{\"@type\":\"WebPage\",\"@id\":\"http:\\\/\\\/kiddoo.ee\\\/product\\\/musliinkangast-beebitekk-nahasobralik-pehme-ning-hingav\\\/\",\"url\":\"http:\\\/\\\/kiddoo.ee\\\/product\\\/musliinkangast-beebitekk-nahasobralik-pehme-ning-hingav\\\/\",\"name\":\"Musliinkangast beebitekk - pehme ja nahas\u00f5bralik | Kiddoo.ee\",\"isPartOf\":{\"@id\":\"http:\\\/\\\/kiddoo.ee\\\/#website\"},\"primaryImageOfPage\":{\"@id\":\"http:\\\/\\\/kiddoo.ee\\\/product\\\/musliinkangast-beebitekk-nahasobralik-pehme-ning-hingav\\\/#primaryimage\"},\"image\":{\"@id\":\"http:\\\/\\\/kiddoo.ee\\\/product\\\/musliinkangast-beebitekk-nahasobralik-pehme-ning-hingav\\\/#primaryimage\"},\"thumbnailUrl\":\"https:\\\/\\\/kiddoo.ee\\\/wp-content\\\/uploads\\\/2025\\\/09\\\/DBCBC3EA-E11A-4386-9B9A-E44ABC0CE21E-700x700-1.jpeg\",\"datePublished\":\"2025-09-13T19:26:25+00:00\",\"dateModified\":\"2026-04-24T18:46:09+00:00\",\"description\":\"Avasta naturaalne musliinkangast beebitekk, mis on pehme, hingav ja nahas\u00f5bralik. Ideaalne igap\u00e4evaseks kasutamiseks vasts\u00fcndinule ja beebile.\",\"breadcrumb\":{\"@id\":\"http:\\\/\\\/kiddoo.ee\\\/product\\\/musliinkangast-beebitekk-nahasobralik-pehme-ning-hingav\\\/#breadcrumb\"},\"inLanguage\":\"en-GB\",\"potentialAction\":[{\"@type\":\"ReadAction\",\"target\":[\"http:\\\/\\\/kiddoo.ee\\\/product\\\/musliinkangast-beebitekk-nahasobralik-pehme-ning-hingav\\\/\"]}]},{\"@type\":\"ImageObject\",\"inLanguage\":\"en-GB\",\"@id\":\"http:\\\/\\\/kiddoo.ee\\\/product\\\/musliinkangast-beebitekk-nahasobralik-pehme-ning-hingav\\\/#primaryimage\",\"url\":\"https:\\\/\\\/kiddoo.ee\\\/wp-content\\\/uploads\\\/2025\\\/09\\\/DBCBC3EA-E11A-4386-9B9A-E44ABC0CE21E-700x700-1.jpeg\",\"contentUrl\":\"https:\\\/\\\/kiddoo.ee\\\/wp-content\\\/uploads\\\/2025\\\/09\\\/DBCBC3EA-E11A-4386-9B9A-E44ABC0CE21E-700x700-1.jpeg\",\"width\":700,\"height\":700},{\"@type\":\"BreadcrumbList\",\"@id\":\"http:\\\/\\\/kiddoo.ee\\\/product\\\/musliinkangast-beebitekk-nahasobralik-pehme-ning-hingav\\\/#breadcrumb\",\"itemListElement\":[{\"@type\":\"ListItem\",\"position\":1,\"name\":\"Home\",\"item\":\"http:\\\/\\\/kiddoo.ee\\\/\"},{\"@type\":\"ListItem\",\"position\":2,\"name\":\"Pood\",\"item\":\"https:\\\/\\\/kiddoo.ee\\\/en\\\/shop\\\/\"},{\"@type\":\"ListItem\",\"position\":3,\"name\":\"Musliintekk beebile &#8220;\u00dchev\u00e4rvilised&#8221; \u2013 pehme ja \u00f5rn beebi nahale\"}]},{\"@type\":\"WebSite\",\"@id\":\"http:\\\/\\\/kiddoo.ee\\\/#website\",\"url\":\"http:\\\/\\\/kiddoo.ee\\\/\",\"name\":\"Kiddoo\",\"description\":\"Kvaliteet ja Eesti disain sinu lapsele\",\"publisher\":{\"@id\":\"http:\\\/\\\/kiddoo.ee\\\/#organization\"},\"potentialAction\":[{\"@type\":\"SearchAction\",\"target\":{\"@type\":\"EntryPoint\",\"urlTemplate\":\"http:\\\/\\\/kiddoo.ee\\\/?s={search_term_string}\"},\"query-input\":{\"@type\":\"PropertyValueSpecification\",\"valueRequired\":true,\"valueName\":\"search_term_string\"}}],\"inLanguage\":\"en-GB\"},{\"@type\":\"Organization\",\"@id\":\"http:\\\/\\\/kiddoo.ee\\\/#organization\",\"name\":\"Kiddoo\",\"url\":\"http:\\\/\\\/kiddoo.ee\\\/\",\"logo\":{\"@type\":\"ImageObject\",\"inLanguage\":\"en-GB\",\"@id\":\"http:\\\/\\\/kiddoo.ee\\\/#\\\/schema\\\/logo\\\/image\\\/\",\"url\":\"https:\\\/\\\/kiddoo.ee\\\/wp-content\\\/uploads\\\/2021\\\/10\\\/logo-04-scaled.jpg\",\"contentUrl\":\"https:\\\/\\\/kiddoo.ee\\\/wp-content\\\/uploads\\\/2021\\\/10\\\/logo-04-scaled.jpg\",\"width\":2560,\"height\":2560,\"caption\":\"Kiddoo\"},\"image\":{\"@id\":\"http:\\\/\\\/kiddoo.ee\\\/#\\\/schema\\\/logo\\\/image\\\/\"},\"sameAs\":[\"https:\\\/\\\/www.facebook.com\\\/Kiddoo-103191601863440\"]}]}<\/script>\n<!-- \/ Yoast SEO plugin. -->","yoast_head_json":{"title":"Musliinkangast beebitekk - pehme ja nahas\u00f5bralik | Kiddoo.ee","description":"Avasta naturaalne musliinkangast beebitekk, mis on pehme, hingav ja nahas\u00f5bralik. Ideaalne igap\u00e4evaseks kasutamiseks vasts\u00fcndinule ja beebile.","robots":{"index":"index","follow":"follow","max-snippet":"max-snippet:-1","max-image-preview":"max-image-preview:large","max-video-preview":"max-video-preview:-1"},"canonical":"http:\/\/kiddoo.ee\/product\/musliinkangast-beebitekk-nahasobralik-pehme-ning-hingav\/","og_locale":"en_GB","og_type":"article","og_title":"Musliinkangast beebitekk - pehme ja nahas\u00f5bralik | Kiddoo.ee","og_description":"Avasta naturaalne musliinkangast beebitekk, mis on pehme, hingav ja nahas\u00f5bralik. Ideaalne igap\u00e4evaseks kasutamiseks vasts\u00fcndinule ja beebile.","og_url":"http:\/\/kiddoo.ee\/product\/musliinkangast-beebitekk-nahasobralik-pehme-ning-hingav\/","og_site_name":"Kiddoo","article_publisher":"https:\/\/www.facebook.com\/Kiddoo-103191601863440","article_modified_time":"2026-04-24T18:46:09+00:00","og_image":[{"width":700,"height":700,"url":"http:\/\/www.kiddoo.ee\/wp-content\/uploads\/2025\/09\/DBCBC3EA-E11A-4386-9B9A-E44ABC0CE21E-700x700-1.jpeg","type":"image\/jpeg"}],"twitter_card":"summary_large_image","twitter_misc":{"Estimated reading time":"2 minutes"},"schema":{"@context":"https:\/\/schema.org","@graph":[{"@type":"WebPage","@id":"http:\/\/kiddoo.ee\/product\/musliinkangast-beebitekk-nahasobralik-pehme-ning-hingav\/","url":"http:\/\/kiddoo.ee\/product\/musliinkangast-beebitekk-nahasobralik-pehme-ning-hingav\/","name":"Musliinkangast beebitekk - pehme ja nahas\u00f5bralik | Kiddoo.ee","isPartOf":{"@id":"http:\/\/kiddoo.ee\/#website"},"primaryImageOfPage":{"@id":"http:\/\/kiddoo.ee\/product\/musliinkangast-beebitekk-nahasobralik-pehme-ning-hingav\/#primaryimage"},"image":{"@id":"http:\/\/kiddoo.ee\/product\/musliinkangast-beebitekk-nahasobralik-pehme-ning-hingav\/#primaryimage"},"thumbnailUrl":"https:\/\/kiddoo.ee\/wp-content\/uploads\/2025\/09\/DBCBC3EA-E11A-4386-9B9A-E44ABC0CE21E-700x700-1.jpeg","datePublished":"2025-09-13T19:26:25+00:00","dateModified":"2026-04-24T18:46:09+00:00","description":"Avasta naturaalne musliinkangast beebitekk, mis on pehme, hingav ja nahas\u00f5bralik. Ideaalne igap\u00e4evaseks kasutamiseks vasts\u00fcndinule ja beebile.","breadcrumb":{"@id":"http:\/\/kiddoo.ee\/product\/musliinkangast-beebitekk-nahasobralik-pehme-ning-hingav\/#breadcrumb"},"inLanguage":"en-GB","potentialAction":[{"@type":"ReadAction","target":["http:\/\/kiddoo.ee\/product\/musliinkangast-beebitekk-nahasobralik-pehme-ning-hingav\/"]}]},{"@type":"ImageObject","inLanguage":"en-GB","@id":"http:\/\/kiddoo.ee\/product\/musliinkangast-beebitekk-nahasobralik-pehme-ning-hingav\/#primaryimage","url":"https:\/\/kiddoo.ee\/wp-content\/uploads\/2025\/09\/DBCBC3EA-E11A-4386-9B9A-E44ABC0CE21E-700x700-1.jpeg","contentUrl":"https:\/\/kiddoo.ee\/wp-content\/uploads\/2025\/09\/DBCBC3EA-E11A-4386-9B9A-E44ABC0CE21E-700x700-1.jpeg","width":700,"height":700},{"@type":"BreadcrumbList","@id":"http:\/\/kiddoo.ee\/product\/musliinkangast-beebitekk-nahasobralik-pehme-ning-hingav\/#breadcrumb","itemListElement":[{"@type":"ListItem","position":1,"name":"Home","item":"http:\/\/kiddoo.ee\/"},{"@type":"ListItem","position":2,"name":"Pood","item":"https:\/\/kiddoo.ee\/en\/shop\/"},{"@type":"ListItem","position":3,"name":"Musliintekk beebile &#8220;\u00dchev\u00e4rvilised&#8221; \u2013 pehme ja \u00f5rn beebi nahale"}]},{"@type":"WebSite","@id":"http:\/\/kiddoo.ee\/#website","url":"http:\/\/kiddoo.ee\/","name":"Kiddoo","description":"Kvaliteet ja Eesti disain sinu lapsele","publisher":{"@id":"http:\/\/kiddoo.ee\/#organization"},"potentialAction":[{"@type":"SearchAction","target":{"@type":"EntryPoint","urlTemplate":"http:\/\/kiddoo.ee\/?s={search_term_string}"},"query-input":{"@type":"PropertyValueSpecification","valueRequired":true,"valueName":"search_term_string"}}],"inLanguage":"en-GB"},{"@type":"Organization","@id":"http:\/\/kiddoo.ee\/#organization","name":"Kiddoo","url":"http:\/\/kiddoo.ee\/","logo":{"@type":"ImageObject","inLanguage":"en-GB","@id":"http:\/\/kiddoo.ee\/#\/schema\/logo\/image\/","url":"https:\/\/kiddoo.ee\/wp-content\/uploads\/2021\/10\/logo-04-scaled.jpg","contentUrl":"https:\/\/kiddoo.ee\/wp-content\/uploads\/2021\/10\/logo-04-scaled.jpg","width":2560,"height":2560,"caption":"Kiddoo"},"image":{"@id":"http:\/\/kiddoo.ee\/#\/schema\/logo\/image\/"},"sameAs":["https:\/\/www.facebook.com\/Kiddoo-103191601863440"]}]}},"_links":{"self":[{"href":"https:\/\/www.kiddoo.ee\/en\/wp-json\/wp\/v2\/product\/5650","targetHints":{"allow":["GET"]}}],"collection":[{"href":"https:\/\/www.kiddoo.ee\/en\/wp-json\/wp\/v2\/product"}],"about":[{"href":"https:\/\/www.kiddoo.ee\/en\/wp-json\/wp\/v2\/types\/product"}],"wp:featuredmedia":[{"embeddable":true,"href":"https:\/\/www.kiddoo.ee\/en\/wp-json\/wp\/v2\/media\/5656"}],"wp:attachment":[{"href":"https:\/\/www.kiddoo.ee\/en\/wp-json\/wp\/v2\/media?parent=5650"}],"wp:term":[{"taxonomy":"product_brand","embeddable":true,"href":"https:\/\/www.kiddoo.ee\/en\/wp-json\/wp\/v2\/product_brand?post=5650"},{"taxonomy":"product_cat","embeddable":true,"href":"https:\/\/www.kiddoo.ee\/en\/wp-json\/wp\/v2\/product_cat?post=5650"},{"taxonomy":"product_tag","embeddable":true,"href":"https:\/\/www.kiddoo.ee\/en\/wp-json\/wp\/v2\/product_tag?post=5650"}],"curies":[{"name":"wp","href":"https:\/\/api.w.org\/{rel}","templated":true}]}}