{"id":2965,"date":"2023-03-17T09:35:56","date_gmt":"2023-03-17T09:35:56","guid":{"rendered":"https:\/\/kiddoo.ee\/?post_type=product&#038;p=2965"},"modified":"2025-12-12T08:47:23","modified_gmt":"2025-12-12T08:47:23","slug":"vannimanguasjad","status":"publish","type":"product","link":"https:\/\/www.kiddoo.ee\/en\/product\/vannimanguasjad\/","title":{"rendered":"Bath toys"},"content":{"rendered":"<p>Silicone animals are fun for bath time, on the beach and by the pool. Every animal has unique design and color. Toys can be easily cleaned and don't mold. You can fill them with water or other stuff and there are multiple ways how to use them.<br \/>\nToys have many ways to play.<\/p>\n<ul>\n<li>Material :<span lang=\"et\" tabindex=\"0\">High quality silicone<\/span><\/li>\n<li>Set includes 5 different animals<\/li>\n<li>Suitable from birth<\/li>\n<li>Dishwasher safe<\/li>\n<\/ul>","protected":false},"excerpt":{"rendered":"<p>Delivery time 3-7 working days<\/p>","protected":false},"featured_media":2970,"template":"","meta":[],"product_brand":[],"product_cat":[310,312],"product_tag":[],"class_list":{"0":"post-2965","1":"product","2":"type-product","3":"status-publish","4":"has-post-thumbnail","6":"product_cat-vanniaeg","7":"product_cat-vannimanguasjad","9":"first","10":"instock","11":"taxable","12":"shipping-taxable","13":"purchasable","14":"product-type-simple"},"yoast_head":"<!-- This site is optimized with the Yoast SEO plugin v27.5 - https:\/\/yoast.com\/product\/yoast-seo-wordpress\/ -->\n<title>Vannim\u00e4nguasjad - Kiddoo<\/title>\n<meta name=\"description\" content=\"Silikoonist m\u00e4nguloomad pakuvad m\u00e4ngur\u00f5\u00f5mu nii vannis, rannas, kui ka bassein. Iga loom on unikaalse disainiga ja pigistades saab tekitada erinevaid veejugasid.\" \/>\n<meta name=\"robots\" content=\"index, follow, max-snippet:-1, max-image-preview:large, max-video-preview:-1\" \/>\n<link rel=\"canonical\" href=\"https:\/\/kiddoo.ee\/en\/product\/vannimanguasjad\/\" \/>\n<meta property=\"og:locale\" content=\"en_GB\" \/>\n<meta property=\"og:type\" content=\"article\" \/>\n<meta property=\"og:title\" content=\"Vannim\u00e4nguasjad - Kiddoo\" \/>\n<meta property=\"og:description\" content=\"Silikoonist m\u00e4nguloomad pakuvad m\u00e4ngur\u00f5\u00f5mu nii vannis, rannas, kui ka bassein. Iga loom on unikaalse disainiga ja pigistades saab tekitada erinevaid veejugasid.\" \/>\n<meta property=\"og:url\" content=\"https:\/\/kiddoo.ee\/en\/product\/vannimanguasjad\/\" \/>\n<meta property=\"og:site_name\" content=\"Kiddoo\" \/>\n<meta property=\"article:publisher\" content=\"https:\/\/www.facebook.com\/Kiddoo-103191601863440\" \/>\n<meta property=\"article:modified_time\" content=\"2025-12-12T08:47:23+00:00\" \/>\n<meta property=\"og:image\" content=\"https:\/\/kiddoo.ee\/wp-content\/uploads\/2023\/03\/539FAA2E-638F-49E0-9036-404FE4382B87.jpeg\" \/>\n\t<meta property=\"og:image:width\" content=\"1117\" \/>\n\t<meta property=\"og:image:height\" content=\"1117\" \/>\n\t<meta property=\"og:image:type\" content=\"image\/jpeg\" \/>\n<meta name=\"twitter:card\" content=\"summary_large_image\" \/>\n<meta name=\"twitter:label1\" content=\"Estimated reading time\" \/>\n\t<meta name=\"twitter:data1\" content=\"1 minute\" \/>\n<script type=\"application\/ld+json\" class=\"yoast-schema-graph\">{\"@context\":\"https:\\\/\\\/schema.org\",\"@graph\":[{\"@type\":\"WebPage\",\"@id\":\"https:\\\/\\\/kiddoo.ee\\\/en\\\/product\\\/vannimanguasjad\\\/\",\"url\":\"https:\\\/\\\/kiddoo.ee\\\/en\\\/product\\\/vannimanguasjad\\\/\",\"name\":\"Vannim\u00e4nguasjad - Kiddoo\",\"isPartOf\":{\"@id\":\"http:\\\/\\\/kiddoo.ee\\\/#website\"},\"primaryImageOfPage\":{\"@id\":\"https:\\\/\\\/kiddoo.ee\\\/en\\\/product\\\/vannimanguasjad\\\/#primaryimage\"},\"image\":{\"@id\":\"https:\\\/\\\/kiddoo.ee\\\/en\\\/product\\\/vannimanguasjad\\\/#primaryimage\"},\"thumbnailUrl\":\"https:\\\/\\\/www.kiddoo.ee\\\/wp-content\\\/uploads\\\/2023\\\/03\\\/539FAA2E-638F-49E0-9036-404FE4382B87.jpeg\",\"datePublished\":\"2023-03-17T09:35:56+00:00\",\"dateModified\":\"2025-12-12T08:47:23+00:00\",\"description\":\"Silikoonist m\u00e4nguloomad pakuvad m\u00e4ngur\u00f5\u00f5mu nii vannis, rannas, kui ka bassein. Iga loom on unikaalse disainiga ja pigistades saab tekitada erinevaid veejugasid.\",\"breadcrumb\":{\"@id\":\"https:\\\/\\\/kiddoo.ee\\\/en\\\/product\\\/vannimanguasjad\\\/#breadcrumb\"},\"inLanguage\":\"en-GB\",\"potentialAction\":[{\"@type\":\"ReadAction\",\"target\":[\"https:\\\/\\\/kiddoo.ee\\\/en\\\/product\\\/vannimanguasjad\\\/\"]}]},{\"@type\":\"ImageObject\",\"inLanguage\":\"en-GB\",\"@id\":\"https:\\\/\\\/kiddoo.ee\\\/en\\\/product\\\/vannimanguasjad\\\/#primaryimage\",\"url\":\"https:\\\/\\\/www.kiddoo.ee\\\/wp-content\\\/uploads\\\/2023\\\/03\\\/539FAA2E-638F-49E0-9036-404FE4382B87.jpeg\",\"contentUrl\":\"https:\\\/\\\/www.kiddoo.ee\\\/wp-content\\\/uploads\\\/2023\\\/03\\\/539FAA2E-638F-49E0-9036-404FE4382B87.jpeg\",\"width\":1117,\"height\":1117},{\"@type\":\"BreadcrumbList\",\"@id\":\"https:\\\/\\\/kiddoo.ee\\\/en\\\/product\\\/vannimanguasjad\\\/#breadcrumb\",\"itemListElement\":[{\"@type\":\"ListItem\",\"position\":1,\"name\":\"Home\",\"item\":\"http:\\\/\\\/kiddoo.ee\\\/\"},{\"@type\":\"ListItem\",\"position\":2,\"name\":\"Pood\",\"item\":\"https:\\\/\\\/kiddoo.ee\\\/en\\\/shop\\\/\"},{\"@type\":\"ListItem\",\"position\":3,\"name\":\"Vannim\u00e4nguasjad\"}]},{\"@type\":\"WebSite\",\"@id\":\"http:\\\/\\\/kiddoo.ee\\\/#website\",\"url\":\"http:\\\/\\\/kiddoo.ee\\\/\",\"name\":\"Kiddoo\",\"description\":\"Kvaliteet ja Eesti disain sinu lapsele\",\"publisher\":{\"@id\":\"http:\\\/\\\/kiddoo.ee\\\/#organization\"},\"potentialAction\":[{\"@type\":\"SearchAction\",\"target\":{\"@type\":\"EntryPoint\",\"urlTemplate\":\"http:\\\/\\\/kiddoo.ee\\\/?s={search_term_string}\"},\"query-input\":{\"@type\":\"PropertyValueSpecification\",\"valueRequired\":true,\"valueName\":\"search_term_string\"}}],\"inLanguage\":\"en-GB\"},{\"@type\":\"Organization\",\"@id\":\"http:\\\/\\\/kiddoo.ee\\\/#organization\",\"name\":\"Kiddoo\",\"url\":\"http:\\\/\\\/kiddoo.ee\\\/\",\"logo\":{\"@type\":\"ImageObject\",\"inLanguage\":\"en-GB\",\"@id\":\"http:\\\/\\\/kiddoo.ee\\\/#\\\/schema\\\/logo\\\/image\\\/\",\"url\":\"https:\\\/\\\/kiddoo.ee\\\/wp-content\\\/uploads\\\/2021\\\/10\\\/logo-04-scaled.jpg\",\"contentUrl\":\"https:\\\/\\\/kiddoo.ee\\\/wp-content\\\/uploads\\\/2021\\\/10\\\/logo-04-scaled.jpg\",\"width\":2560,\"height\":2560,\"caption\":\"Kiddoo\"},\"image\":{\"@id\":\"http:\\\/\\\/kiddoo.ee\\\/#\\\/schema\\\/logo\\\/image\\\/\"},\"sameAs\":[\"https:\\\/\\\/www.facebook.com\\\/Kiddoo-103191601863440\"]}]}<\/script>\n<!-- \/ Yoast SEO plugin. -->","yoast_head_json":{"title":"Vannim\u00e4nguasjad - Kiddoo","description":"Silikoonist m\u00e4nguloomad pakuvad m\u00e4ngur\u00f5\u00f5mu nii vannis, rannas, kui ka bassein. Iga loom on unikaalse disainiga ja pigistades saab tekitada erinevaid veejugasid.","robots":{"index":"index","follow":"follow","max-snippet":"max-snippet:-1","max-image-preview":"max-image-preview:large","max-video-preview":"max-video-preview:-1"},"canonical":"https:\/\/kiddoo.ee\/en\/product\/vannimanguasjad\/","og_locale":"en_GB","og_type":"article","og_title":"Vannim\u00e4nguasjad - Kiddoo","og_description":"Silikoonist m\u00e4nguloomad pakuvad m\u00e4ngur\u00f5\u00f5mu nii vannis, rannas, kui ka bassein. Iga loom on unikaalse disainiga ja pigistades saab tekitada erinevaid veejugasid.","og_url":"https:\/\/kiddoo.ee\/en\/product\/vannimanguasjad\/","og_site_name":"Kiddoo","article_publisher":"https:\/\/www.facebook.com\/Kiddoo-103191601863440","article_modified_time":"2025-12-12T08:47:23+00:00","og_image":[{"width":1117,"height":1117,"url":"https:\/\/kiddoo.ee\/wp-content\/uploads\/2023\/03\/539FAA2E-638F-49E0-9036-404FE4382B87.jpeg","type":"image\/jpeg"}],"twitter_card":"summary_large_image","twitter_misc":{"Estimated reading time":"1 minute"},"schema":{"@context":"https:\/\/schema.org","@graph":[{"@type":"WebPage","@id":"https:\/\/kiddoo.ee\/en\/product\/vannimanguasjad\/","url":"https:\/\/kiddoo.ee\/en\/product\/vannimanguasjad\/","name":"Vannim\u00e4nguasjad - Kiddoo","isPartOf":{"@id":"http:\/\/kiddoo.ee\/#website"},"primaryImageOfPage":{"@id":"https:\/\/kiddoo.ee\/en\/product\/vannimanguasjad\/#primaryimage"},"image":{"@id":"https:\/\/kiddoo.ee\/en\/product\/vannimanguasjad\/#primaryimage"},"thumbnailUrl":"https:\/\/www.kiddoo.ee\/wp-content\/uploads\/2023\/03\/539FAA2E-638F-49E0-9036-404FE4382B87.jpeg","datePublished":"2023-03-17T09:35:56+00:00","dateModified":"2025-12-12T08:47:23+00:00","description":"Silikoonist m\u00e4nguloomad pakuvad m\u00e4ngur\u00f5\u00f5mu nii vannis, rannas, kui ka bassein. Iga loom on unikaalse disainiga ja pigistades saab tekitada erinevaid veejugasid.","breadcrumb":{"@id":"https:\/\/kiddoo.ee\/en\/product\/vannimanguasjad\/#breadcrumb"},"inLanguage":"en-GB","potentialAction":[{"@type":"ReadAction","target":["https:\/\/kiddoo.ee\/en\/product\/vannimanguasjad\/"]}]},{"@type":"ImageObject","inLanguage":"en-GB","@id":"https:\/\/kiddoo.ee\/en\/product\/vannimanguasjad\/#primaryimage","url":"https:\/\/www.kiddoo.ee\/wp-content\/uploads\/2023\/03\/539FAA2E-638F-49E0-9036-404FE4382B87.jpeg","contentUrl":"https:\/\/www.kiddoo.ee\/wp-content\/uploads\/2023\/03\/539FAA2E-638F-49E0-9036-404FE4382B87.jpeg","width":1117,"height":1117},{"@type":"BreadcrumbList","@id":"https:\/\/kiddoo.ee\/en\/product\/vannimanguasjad\/#breadcrumb","itemListElement":[{"@type":"ListItem","position":1,"name":"Home","item":"http:\/\/kiddoo.ee\/"},{"@type":"ListItem","position":2,"name":"Pood","item":"https:\/\/kiddoo.ee\/en\/shop\/"},{"@type":"ListItem","position":3,"name":"Vannim\u00e4nguasjad"}]},{"@type":"WebSite","@id":"http:\/\/kiddoo.ee\/#website","url":"http:\/\/kiddoo.ee\/","name":"Kiddoo","description":"Kvaliteet ja Eesti disain sinu lapsele","publisher":{"@id":"http:\/\/kiddoo.ee\/#organization"},"potentialAction":[{"@type":"SearchAction","target":{"@type":"EntryPoint","urlTemplate":"http:\/\/kiddoo.ee\/?s={search_term_string}"},"query-input":{"@type":"PropertyValueSpecification","valueRequired":true,"valueName":"search_term_string"}}],"inLanguage":"en-GB"},{"@type":"Organization","@id":"http:\/\/kiddoo.ee\/#organization","name":"Kiddoo","url":"http:\/\/kiddoo.ee\/","logo":{"@type":"ImageObject","inLanguage":"en-GB","@id":"http:\/\/kiddoo.ee\/#\/schema\/logo\/image\/","url":"https:\/\/kiddoo.ee\/wp-content\/uploads\/2021\/10\/logo-04-scaled.jpg","contentUrl":"https:\/\/kiddoo.ee\/wp-content\/uploads\/2021\/10\/logo-04-scaled.jpg","width":2560,"height":2560,"caption":"Kiddoo"},"image":{"@id":"http:\/\/kiddoo.ee\/#\/schema\/logo\/image\/"},"sameAs":["https:\/\/www.facebook.com\/Kiddoo-103191601863440"]}]}},"_links":{"self":[{"href":"https:\/\/www.kiddoo.ee\/en\/wp-json\/wp\/v2\/product\/2965","targetHints":{"allow":["GET"]}}],"collection":[{"href":"https:\/\/www.kiddoo.ee\/en\/wp-json\/wp\/v2\/product"}],"about":[{"href":"https:\/\/www.kiddoo.ee\/en\/wp-json\/wp\/v2\/types\/product"}],"wp:featuredmedia":[{"embeddable":true,"href":"https:\/\/www.kiddoo.ee\/en\/wp-json\/wp\/v2\/media\/2970"}],"wp:attachment":[{"href":"https:\/\/www.kiddoo.ee\/en\/wp-json\/wp\/v2\/media?parent=2965"}],"wp:term":[{"taxonomy":"product_brand","embeddable":true,"href":"https:\/\/www.kiddoo.ee\/en\/wp-json\/wp\/v2\/product_brand?post=2965"},{"taxonomy":"product_cat","embeddable":true,"href":"https:\/\/www.kiddoo.ee\/en\/wp-json\/wp\/v2\/product_cat?post=2965"},{"taxonomy":"product_tag","embeddable":true,"href":"https:\/\/www.kiddoo.ee\/en\/wp-json\/wp\/v2\/product_tag?post=2965"}],"curies":[{"name":"wp","href":"https:\/\/api.w.org\/{rel}","templated":true}]}}