{"id":2613,"date":"2022-11-13T11:01:36","date_gmt":"2022-11-13T11:01:36","guid":{"rendered":"https:\/\/kiddoo.ee\/?post_type=product&#038;p=2613"},"modified":"2026-04-16T07:33:15","modified_gmt":"2026-04-16T07:33:15","slug":"nimeline-komplekt-lily","status":"publish","type":"product","link":"https:\/\/www.kiddoo.ee\/en\/product\/nimeline-komplekt-lily\/","title":{"rendered":"Nimeline kinkekomplekt beebile \u2013 k\u00e4sit\u00f6\u00f6 lutikett, n\u00e4rimislelu ja puidust k\u00f5risti"},"content":{"rendered":"<p data-start=\"904\" data-end=\"1410\">Nimeline komplekt sisaldab <strong data-start=\"931\" data-end=\"953\">nimelist lutiketti<\/strong>, <strong data-start=\"955\" data-end=\"971\">n\u00e4rimislelut<\/strong> ja <strong data-start=\"975\" data-end=\"994\">puidust k\u00f5risti<\/strong>, mis on valmistatud spetsiaalselt lapse turvalisust ja mugavust silmas pidades. Tooted on valmistatud <strong data-start=\"1097\" data-end=\"1161\">toidun\u00f5udes kasutatavast silikoonist ja naturaalsest puidust<\/strong>, mis on <strong data-start=\"1170\" data-end=\"1190\">mitte toksilised<\/strong> ja lapsele ohutud. Erinevad tekstuurid masseerivad \u00f5rnalt lapse igemeid, aidates leevendada l\u00f5ikehammastega seotud ebamugavust. Lutiketi kinnitusel on n\u00f5uetekohased ventilatsiooniavad, tagades maksimaalse turvalisuse.<\/p>\n<p data-start=\"1412\" data-end=\"1642\">Tooteid tuleb hooldada \u00f5rnatoimelise pesuvahendiga, <strong data-start=\"1464\" data-end=\"1488\">ei kannata leotamist<\/strong> ja loputada enne esmast kasutamist. Kasutamisel on alati vajalik <strong data-start=\"1554\" data-end=\"1577\">vanemlik j\u00e4relvalve<\/strong>. Igasuguse defekti ilmnemisel tuleb toote kasutamine l\u00f5petada.<\/p>\n<p data-start=\"1644\" data-end=\"1916\">Komplekt on praktiline, ohutu ja vastupidav lahendus igap\u00e4evaseks kasutamiseks kodus, v\u00e4ljas\u00f5itudel v\u00f5i kingitusena. <strong data-start=\"1761\" data-end=\"1793\">K\u00e4sit\u00f6\u00f6na valmistatud Eestis<\/strong>, tagades k\u00f5rge kvaliteedi ja turvalisuse, ning sobib ideaalselt lapse esimeste m\u00e4ngu- ja n\u00e4rimiskogemuste rikastamiseks.<\/p>","protected":false},"excerpt":{"rendered":"<p>Nimeline komplekt sisaldab nimelist lutiketti, n\u00e4rimislelut ja puidust k\u00f5risti, mis on valmistatud spetsiaalselt lapse turvalisust ja mugavust silmas pidades. Tooted on valmistatud toidun\u00f5udes kasutatavast silikoonist ja naturaalsest puidust, mis on mitte toksilised ja lapsele ohutud. Erinevad tekstuurid masseerivad \u00f5rnalt lapse igemeid, aidates leevendada l\u00f5ikehammastega seotud ebamugavust. Lutiketi kinnitusel on n\u00f5uetekohased ventilatsiooniavad, tagades maksimaalse turvalisuse. Tooteid tuleb hooldada \u00f5rnatoimelise pesuvahendiga, ei kannata leotamist ja loputada enne esmast kasutamist. Kasutamisel on alati vajalik vanemlik j\u00e4relvalve. Igasuguse defekti ilmnemisel tuleb toote kasutamine l\u00f5petada. Komplekt on praktiline, ohutu ja vastupidav lahendus igap\u00e4evaseks kasutamiseks kodus, v\u00e4ljas\u00f5itudel v\u00f5i kingitusena. K\u00e4sit\u00f6\u00f6na valmistatud Eestis, tagades k\u00f5rge kvaliteedi ja turvalisuse, ning sobib ideaalselt lapse esimeste m\u00e4ngu- ja n\u00e4rimiskogemuste rikastamiseks.<\/p>","protected":false},"featured_media":1455,"template":"","meta":[],"product_brand":[],"product_cat":[308,277],"product_tag":[],"class_list":{"0":"post-2613","1":"product","2":"type-product","3":"status-publish","4":"has-post-thumbnail","6":"product_cat-manguaeg","7":"product_cat-nimeline-lelude-komplekt","8":"wcpa_has_options","10":"first","11":"instock","12":"sale","13":"taxable","14":"shipping-taxable","15":"purchasable","16":"product-type-variable"},"yoast_head":"<!-- This site is optimized with the Yoast SEO plugin v27.5 - https:\/\/yoast.com\/product\/yoast-seo-wordpress\/ -->\n<title>Nimeline lapse komplekt \u2013 ohutu, silikoonist ja puidust- Kiddoo.ee<\/title>\n<meta name=\"description\" content=\"Nimeline lapse komplekt sisaldab lutiketti, n\u00e4rimislelut ja puidust k\u00f5risti. Ohutu, silikoonist ja k\u00e4sit\u00f6\u00f6na Eestis valmistatud, lapsele ideaalne kingitus.\" \/>\n<meta name=\"robots\" content=\"index, follow, max-snippet:-1, max-image-preview:large, max-video-preview:-1\" \/>\n<link rel=\"canonical\" href=\"https:\/\/www.kiddoo.ee\/en\/product\/nimeline-komplekt-lily\/\" \/>\n<meta property=\"og:locale\" content=\"en_GB\" \/>\n<meta property=\"og:type\" content=\"article\" \/>\n<meta property=\"og:title\" content=\"Nimeline lapse komplekt \u2013 ohutu, silikoonist ja puidust- Kiddoo.ee\" \/>\n<meta property=\"og:description\" content=\"Nimeline lapse komplekt sisaldab lutiketti, n\u00e4rimislelut ja puidust k\u00f5risti. Ohutu, silikoonist ja k\u00e4sit\u00f6\u00f6na Eestis valmistatud, lapsele ideaalne kingitus.\" \/>\n<meta property=\"og:url\" content=\"https:\/\/www.kiddoo.ee\/en\/product\/nimeline-komplekt-lily\/\" \/>\n<meta property=\"og:site_name\" content=\"Kiddoo\" \/>\n<meta property=\"article:publisher\" content=\"https:\/\/www.facebook.com\/Kiddoo-103191601863440\" \/>\n<meta property=\"article:modified_time\" content=\"2026-04-16T07:33:15+00:00\" \/>\n<meta property=\"og:image\" content=\"https:\/\/kiddoo.ee\/wp-content\/uploads\/2021\/11\/IMG_6336-scaled.jpg\" \/>\n\t<meta property=\"og:image:width\" content=\"2560\" \/>\n\t<meta property=\"og:image:height\" content=\"2560\" \/>\n\t<meta property=\"og:image:type\" content=\"image\/jpeg\" \/>\n<meta name=\"twitter:card\" content=\"summary_large_image\" \/>\n<meta name=\"twitter:label1\" content=\"Estimated reading time\" \/>\n\t<meta name=\"twitter:data1\" content=\"1 minute\" \/>\n<script type=\"application\/ld+json\" class=\"yoast-schema-graph\">{\"@context\":\"https:\\\/\\\/schema.org\",\"@graph\":[{\"@type\":\"WebPage\",\"@id\":\"https:\\\/\\\/www.kiddoo.ee\\\/product\\\/nimeline-komplekt-lily\\\/\",\"url\":\"https:\\\/\\\/www.kiddoo.ee\\\/product\\\/nimeline-komplekt-lily\\\/\",\"name\":\"Nimeline lapse komplekt \u2013 ohutu, silikoonist ja puidust- Kiddoo.ee\",\"isPartOf\":{\"@id\":\"http:\\\/\\\/kiddoo.ee\\\/#website\"},\"primaryImageOfPage\":{\"@id\":\"https:\\\/\\\/www.kiddoo.ee\\\/product\\\/nimeline-komplekt-lily\\\/#primaryimage\"},\"image\":{\"@id\":\"https:\\\/\\\/www.kiddoo.ee\\\/product\\\/nimeline-komplekt-lily\\\/#primaryimage\"},\"thumbnailUrl\":\"https:\\\/\\\/www.kiddoo.ee\\\/wp-content\\\/uploads\\\/2021\\\/11\\\/IMG_6336-scaled.jpg\",\"datePublished\":\"2022-11-13T11:01:36+00:00\",\"dateModified\":\"2026-04-16T07:33:15+00:00\",\"description\":\"Nimeline lapse komplekt sisaldab lutiketti, n\u00e4rimislelut ja puidust k\u00f5risti. Ohutu, silikoonist ja k\u00e4sit\u00f6\u00f6na Eestis valmistatud, lapsele ideaalne kingitus.\",\"breadcrumb\":{\"@id\":\"https:\\\/\\\/www.kiddoo.ee\\\/product\\\/nimeline-komplekt-lily\\\/#breadcrumb\"},\"inLanguage\":\"en-GB\",\"potentialAction\":[{\"@type\":\"ReadAction\",\"target\":[\"https:\\\/\\\/www.kiddoo.ee\\\/product\\\/nimeline-komplekt-lily\\\/\"]}]},{\"@type\":\"ImageObject\",\"inLanguage\":\"en-GB\",\"@id\":\"https:\\\/\\\/www.kiddoo.ee\\\/product\\\/nimeline-komplekt-lily\\\/#primaryimage\",\"url\":\"https:\\\/\\\/www.kiddoo.ee\\\/wp-content\\\/uploads\\\/2021\\\/11\\\/IMG_6336-scaled.jpg\",\"contentUrl\":\"https:\\\/\\\/www.kiddoo.ee\\\/wp-content\\\/uploads\\\/2021\\\/11\\\/IMG_6336-scaled.jpg\",\"width\":2560,\"height\":2560},{\"@type\":\"BreadcrumbList\",\"@id\":\"https:\\\/\\\/www.kiddoo.ee\\\/product\\\/nimeline-komplekt-lily\\\/#breadcrumb\",\"itemListElement\":[{\"@type\":\"ListItem\",\"position\":1,\"name\":\"Home\",\"item\":\"http:\\\/\\\/kiddoo.ee\\\/\"},{\"@type\":\"ListItem\",\"position\":2,\"name\":\"Pood\",\"item\":\"https:\\\/\\\/kiddoo.ee\\\/en\\\/shop\\\/\"},{\"@type\":\"ListItem\",\"position\":3,\"name\":\"Nimeline kinkekomplekt beebile \u2013 k\u00e4sit\u00f6\u00f6 lutikett, n\u00e4rimislelu ja puidust k\u00f5risti\"}]},{\"@type\":\"WebSite\",\"@id\":\"http:\\\/\\\/kiddoo.ee\\\/#website\",\"url\":\"http:\\\/\\\/kiddoo.ee\\\/\",\"name\":\"Kiddoo\",\"description\":\"Kvaliteet ja Eesti disain sinu lapsele\",\"publisher\":{\"@id\":\"http:\\\/\\\/kiddoo.ee\\\/#organization\"},\"potentialAction\":[{\"@type\":\"SearchAction\",\"target\":{\"@type\":\"EntryPoint\",\"urlTemplate\":\"http:\\\/\\\/kiddoo.ee\\\/?s={search_term_string}\"},\"query-input\":{\"@type\":\"PropertyValueSpecification\",\"valueRequired\":true,\"valueName\":\"search_term_string\"}}],\"inLanguage\":\"en-GB\"},{\"@type\":\"Organization\",\"@id\":\"http:\\\/\\\/kiddoo.ee\\\/#organization\",\"name\":\"Kiddoo\",\"url\":\"http:\\\/\\\/kiddoo.ee\\\/\",\"logo\":{\"@type\":\"ImageObject\",\"inLanguage\":\"en-GB\",\"@id\":\"http:\\\/\\\/kiddoo.ee\\\/#\\\/schema\\\/logo\\\/image\\\/\",\"url\":\"https:\\\/\\\/kiddoo.ee\\\/wp-content\\\/uploads\\\/2021\\\/10\\\/logo-04-scaled.jpg\",\"contentUrl\":\"https:\\\/\\\/kiddoo.ee\\\/wp-content\\\/uploads\\\/2021\\\/10\\\/logo-04-scaled.jpg\",\"width\":2560,\"height\":2560,\"caption\":\"Kiddoo\"},\"image\":{\"@id\":\"http:\\\/\\\/kiddoo.ee\\\/#\\\/schema\\\/logo\\\/image\\\/\"},\"sameAs\":[\"https:\\\/\\\/www.facebook.com\\\/Kiddoo-103191601863440\"]}]}<\/script>\n<!-- \/ Yoast SEO plugin. -->","yoast_head_json":{"title":"Nimeline lapse komplekt \u2013 ohutu, silikoonist ja puidust- Kiddoo.ee","description":"Nimeline lapse komplekt sisaldab lutiketti, n\u00e4rimislelut ja puidust k\u00f5risti. Ohutu, silikoonist ja k\u00e4sit\u00f6\u00f6na Eestis valmistatud, lapsele ideaalne kingitus.","robots":{"index":"index","follow":"follow","max-snippet":"max-snippet:-1","max-image-preview":"max-image-preview:large","max-video-preview":"max-video-preview:-1"},"canonical":"https:\/\/www.kiddoo.ee\/en\/product\/nimeline-komplekt-lily\/","og_locale":"en_GB","og_type":"article","og_title":"Nimeline lapse komplekt \u2013 ohutu, silikoonist ja puidust- Kiddoo.ee","og_description":"Nimeline lapse komplekt sisaldab lutiketti, n\u00e4rimislelut ja puidust k\u00f5risti. Ohutu, silikoonist ja k\u00e4sit\u00f6\u00f6na Eestis valmistatud, lapsele ideaalne kingitus.","og_url":"https:\/\/www.kiddoo.ee\/en\/product\/nimeline-komplekt-lily\/","og_site_name":"Kiddoo","article_publisher":"https:\/\/www.facebook.com\/Kiddoo-103191601863440","article_modified_time":"2026-04-16T07:33:15+00:00","og_image":[{"width":2560,"height":2560,"url":"https:\/\/kiddoo.ee\/wp-content\/uploads\/2021\/11\/IMG_6336-scaled.jpg","type":"image\/jpeg"}],"twitter_card":"summary_large_image","twitter_misc":{"Estimated reading time":"1 minute"},"schema":{"@context":"https:\/\/schema.org","@graph":[{"@type":"WebPage","@id":"https:\/\/www.kiddoo.ee\/product\/nimeline-komplekt-lily\/","url":"https:\/\/www.kiddoo.ee\/product\/nimeline-komplekt-lily\/","name":"Nimeline lapse komplekt \u2013 ohutu, silikoonist ja puidust- Kiddoo.ee","isPartOf":{"@id":"http:\/\/kiddoo.ee\/#website"},"primaryImageOfPage":{"@id":"https:\/\/www.kiddoo.ee\/product\/nimeline-komplekt-lily\/#primaryimage"},"image":{"@id":"https:\/\/www.kiddoo.ee\/product\/nimeline-komplekt-lily\/#primaryimage"},"thumbnailUrl":"https:\/\/www.kiddoo.ee\/wp-content\/uploads\/2021\/11\/IMG_6336-scaled.jpg","datePublished":"2022-11-13T11:01:36+00:00","dateModified":"2026-04-16T07:33:15+00:00","description":"Nimeline lapse komplekt sisaldab lutiketti, n\u00e4rimislelut ja puidust k\u00f5risti. Ohutu, silikoonist ja k\u00e4sit\u00f6\u00f6na Eestis valmistatud, lapsele ideaalne kingitus.","breadcrumb":{"@id":"https:\/\/www.kiddoo.ee\/product\/nimeline-komplekt-lily\/#breadcrumb"},"inLanguage":"en-GB","potentialAction":[{"@type":"ReadAction","target":["https:\/\/www.kiddoo.ee\/product\/nimeline-komplekt-lily\/"]}]},{"@type":"ImageObject","inLanguage":"en-GB","@id":"https:\/\/www.kiddoo.ee\/product\/nimeline-komplekt-lily\/#primaryimage","url":"https:\/\/www.kiddoo.ee\/wp-content\/uploads\/2021\/11\/IMG_6336-scaled.jpg","contentUrl":"https:\/\/www.kiddoo.ee\/wp-content\/uploads\/2021\/11\/IMG_6336-scaled.jpg","width":2560,"height":2560},{"@type":"BreadcrumbList","@id":"https:\/\/www.kiddoo.ee\/product\/nimeline-komplekt-lily\/#breadcrumb","itemListElement":[{"@type":"ListItem","position":1,"name":"Home","item":"http:\/\/kiddoo.ee\/"},{"@type":"ListItem","position":2,"name":"Pood","item":"https:\/\/kiddoo.ee\/en\/shop\/"},{"@type":"ListItem","position":3,"name":"Nimeline kinkekomplekt beebile \u2013 k\u00e4sit\u00f6\u00f6 lutikett, n\u00e4rimislelu ja puidust k\u00f5risti"}]},{"@type":"WebSite","@id":"http:\/\/kiddoo.ee\/#website","url":"http:\/\/kiddoo.ee\/","name":"Kiddoo","description":"Kvaliteet ja Eesti disain sinu lapsele","publisher":{"@id":"http:\/\/kiddoo.ee\/#organization"},"potentialAction":[{"@type":"SearchAction","target":{"@type":"EntryPoint","urlTemplate":"http:\/\/kiddoo.ee\/?s={search_term_string}"},"query-input":{"@type":"PropertyValueSpecification","valueRequired":true,"valueName":"search_term_string"}}],"inLanguage":"en-GB"},{"@type":"Organization","@id":"http:\/\/kiddoo.ee\/#organization","name":"Kiddoo","url":"http:\/\/kiddoo.ee\/","logo":{"@type":"ImageObject","inLanguage":"en-GB","@id":"http:\/\/kiddoo.ee\/#\/schema\/logo\/image\/","url":"https:\/\/kiddoo.ee\/wp-content\/uploads\/2021\/10\/logo-04-scaled.jpg","contentUrl":"https:\/\/kiddoo.ee\/wp-content\/uploads\/2021\/10\/logo-04-scaled.jpg","width":2560,"height":2560,"caption":"Kiddoo"},"image":{"@id":"http:\/\/kiddoo.ee\/#\/schema\/logo\/image\/"},"sameAs":["https:\/\/www.facebook.com\/Kiddoo-103191601863440"]}]}},"_links":{"self":[{"href":"https:\/\/www.kiddoo.ee\/en\/wp-json\/wp\/v2\/product\/2613","targetHints":{"allow":["GET"]}}],"collection":[{"href":"https:\/\/www.kiddoo.ee\/en\/wp-json\/wp\/v2\/product"}],"about":[{"href":"https:\/\/www.kiddoo.ee\/en\/wp-json\/wp\/v2\/types\/product"}],"wp:featuredmedia":[{"embeddable":true,"href":"https:\/\/www.kiddoo.ee\/en\/wp-json\/wp\/v2\/media\/1455"}],"wp:attachment":[{"href":"https:\/\/www.kiddoo.ee\/en\/wp-json\/wp\/v2\/media?parent=2613"}],"wp:term":[{"taxonomy":"product_brand","embeddable":true,"href":"https:\/\/www.kiddoo.ee\/en\/wp-json\/wp\/v2\/product_brand?post=2613"},{"taxonomy":"product_cat","embeddable":true,"href":"https:\/\/www.kiddoo.ee\/en\/wp-json\/wp\/v2\/product_cat?post=2613"},{"taxonomy":"product_tag","embeddable":true,"href":"https:\/\/www.kiddoo.ee\/en\/wp-json\/wp\/v2\/product_tag?post=2613"}],"curies":[{"name":"wp","href":"https:\/\/api.w.org\/{rel}","templated":true}]}}