{"id":1759,"date":"2022-03-02T10:48:21","date_gmt":"2022-03-02T10:48:21","guid":{"rendered":"https:\/\/kiddoo.ee\/?post_type=product&#038;p=1759"},"modified":"2026-04-24T06:17:28","modified_gmt":"2026-04-24T06:17:28","slug":"nimeline-lutikett","status":"publish","type":"product","link":"https:\/\/www.kiddoo.ee\/en\/product\/nimeline-lutikett\/","title":{"rendered":"Nimeline lutikett beebile &#8211; valmistatud k\u00e4sit\u00f6\u00f6na Eestis"},"content":{"rendered":"<p data-start=\"862\" data-end=\"1327\">Nimeline lutikett on valmistatud <strong data-start=\"895\" data-end=\"915\">k\u00e4sit\u00f6\u00f6na Eestis<\/strong> ning loodud spetsiaalselt lapse turvalisust ja mugavust silmas pidades. Tooted on valmistatud <strong data-start=\"1010\" data-end=\"1074\">toidun\u00f5udes kasutatavast silikoonist ja naturaalsest puidust<\/strong>, mis on <strong data-start=\"1083\" data-end=\"1103\">mitte toksilised<\/strong> ja lapsele ohutud. Erinevad tekstuurid masseerivad \u00f5rnalt lapse igemeid, aidates leevendada l\u00f5ikehammastega seotud ebamugavust. Lutiketi kinnitusel on n\u00f5uetekohased ventilatsiooniavad, mis tagavad maksimaalse turvalisuse.<\/p>\n<p data-start=\"1329\" data-end=\"1573\">Toote hooldus on lihtne \u2013 pese <strong data-start=\"1360\" data-end=\"1391\">\u00f5rnatoimelise pesuvahendiga<\/strong>, <strong data-start=\"1393\" data-end=\"1417\">ei kannata leotamist<\/strong> ja loputa enne esmast kasutamist. Kasutamisel on alati vajalik <strong data-start=\"1481\" data-end=\"1504\">vanemlik j\u00e4relvalve<\/strong> ning igasuguse defekti ilmnemisel tuleb toote kasutamine l\u00f5petada.<\/p>\n<p data-start=\"1575\" data-end=\"1757\">See nimeline lutikett sobib ideaalselt <strong data-start=\"1614\" data-end=\"1648\">personaalse nimega kingituseks<\/strong>, pakkudes lapsevanemale unikaalset ja meeldej\u00e4\u00e4vat lahendust esimeseks lapse suheteks m\u00e4ngu ja n\u00e4rimisega.<\/p>","protected":false},"excerpt":{"rendered":"<p>Nimeline lutikett on valmistatud k\u00e4sit\u00f6\u00f6na Eestis ning loodud spetsiaalselt lapse turvalisust ja mugavust silmas pidades. Tooted on valmistatud toidun\u00f5udes kasutatavast silikoonist ja naturaalsest puidust, mis on mitte toksilised ja lapsele ohutud. Erinevad tekstuurid masseerivad \u00f5rnalt lapse igemeid, aidates leevendada l\u00f5ikehammastega seotud ebamugavust. Lutiketi kinnitusel on n\u00f5uetekohased ventilatsiooniavad, mis tagavad maksimaalse turvalisuse. Toote hooldus on lihtne \u2013 pese \u00f5rnatoimelise pesuvahendiga, ei kannata leotamist ja loputa enne esmast kasutamist. Kasutamisel on alati vajalik vanemlik j\u00e4relvalve ning igasuguse defekti ilmnemisel tuleb toote kasutamine l\u00f5petada. See nimeline lutikett sobib ideaalselt personaalse nimega kingituseks, pakkudes lapsevanemale unikaalset ja meeldej\u00e4\u00e4vat lahendust esimeseks lapse suheteks m\u00e4ngu ja n\u00e4rimisega.<\/p>","protected":false},"featured_media":1180,"template":"","meta":[],"product_brand":[325],"product_cat":[308,278],"product_tag":[],"class_list":{"0":"post-1759","1":"product","2":"type-product","3":"status-publish","4":"has-post-thumbnail","6":"product_brand-kiddoo","7":"product_cat-manguaeg","8":"product_cat-nimelised-lutiketid-narimislelud","9":"wcpa_has_options","11":"first","12":"instock","13":"taxable","14":"shipping-taxable","15":"purchasable","16":"product-type-variable"},"yoast_head":"<!-- This site is optimized with the Yoast SEO plugin v27.5 - https:\/\/yoast.com\/product\/yoast-seo-wordpress\/ -->\n<title>Nimeline lutikett \u2013 personaalse nimega ja ohutu- Kiddoo.ee<\/title>\n<meta name=\"description\" content=\"Nimeline lutikett lapsele, valmistatud k\u00e4sit\u00f6\u00f6na Eestis. Silikoonist ja puidust, masseerib igemeid, ohutu ja personaalse nimega kingitus.\" \/>\n<meta name=\"robots\" content=\"index, follow, max-snippet:-1, max-image-preview:large, max-video-preview:-1\" \/>\n<link rel=\"canonical\" href=\"https:\/\/www.kiddoo.ee\/en\/product\/nimeline-lutikett\/\" \/>\n<meta property=\"og:locale\" content=\"en_GB\" \/>\n<meta property=\"og:type\" content=\"article\" \/>\n<meta property=\"og:title\" content=\"Nimeline lutikett \u2013 personaalse nimega ja ohutu- Kiddoo.ee\" \/>\n<meta property=\"og:description\" content=\"Nimeline lutikett lapsele, valmistatud k\u00e4sit\u00f6\u00f6na Eestis. Silikoonist ja puidust, masseerib igemeid, ohutu ja personaalse nimega kingitus.\" \/>\n<meta property=\"og:url\" content=\"https:\/\/www.kiddoo.ee\/en\/product\/nimeline-lutikett\/\" \/>\n<meta property=\"og:site_name\" content=\"Kiddoo\" \/>\n<meta property=\"article:publisher\" content=\"https:\/\/www.facebook.com\/Kiddoo-103191601863440\" \/>\n<meta property=\"article:modified_time\" content=\"2026-04-24T06:17:28+00:00\" \/>\n<meta property=\"og:image\" content=\"https:\/\/kiddoo.ee\/wp-content\/uploads\/2021\/09\/IMG_E5383.jpg\" \/>\n\t<meta property=\"og:image:width\" content=\"2138\" \/>\n\t<meta property=\"og:image:height\" content=\"2138\" \/>\n\t<meta property=\"og:image:type\" content=\"image\/jpeg\" \/>\n<meta name=\"twitter:card\" content=\"summary_large_image\" \/>\n<meta name=\"twitter:label1\" content=\"Estimated reading time\" \/>\n\t<meta name=\"twitter:data1\" content=\"1 minute\" \/>\n<script type=\"application\/ld+json\" class=\"yoast-schema-graph\">{\"@context\":\"https:\\\/\\\/schema.org\",\"@graph\":[{\"@type\":\"WebPage\",\"@id\":\"https:\\\/\\\/www.kiddoo.ee\\\/en\\\/product\\\/nimeline-lutikett\\\/\",\"url\":\"https:\\\/\\\/www.kiddoo.ee\\\/en\\\/product\\\/nimeline-lutikett\\\/\",\"name\":\"Nimeline lutikett \u2013 personaalse nimega ja ohutu- Kiddoo.ee\",\"isPartOf\":{\"@id\":\"http:\\\/\\\/kiddoo.ee\\\/#website\"},\"primaryImageOfPage\":{\"@id\":\"https:\\\/\\\/www.kiddoo.ee\\\/en\\\/product\\\/nimeline-lutikett\\\/#primaryimage\"},\"image\":{\"@id\":\"https:\\\/\\\/www.kiddoo.ee\\\/en\\\/product\\\/nimeline-lutikett\\\/#primaryimage\"},\"thumbnailUrl\":\"https:\\\/\\\/kiddoo.ee\\\/wp-content\\\/uploads\\\/2021\\\/09\\\/IMG_E5383.jpg\",\"datePublished\":\"2022-03-02T10:48:21+00:00\",\"dateModified\":\"2026-04-24T06:17:28+00:00\",\"description\":\"Nimeline lutikett lapsele, valmistatud k\u00e4sit\u00f6\u00f6na Eestis. Silikoonist ja puidust, masseerib igemeid, ohutu ja personaalse nimega kingitus.\",\"breadcrumb\":{\"@id\":\"https:\\\/\\\/www.kiddoo.ee\\\/en\\\/product\\\/nimeline-lutikett\\\/#breadcrumb\"},\"inLanguage\":\"en-GB\",\"potentialAction\":[{\"@type\":\"ReadAction\",\"target\":[\"https:\\\/\\\/www.kiddoo.ee\\\/en\\\/product\\\/nimeline-lutikett\\\/\"]}]},{\"@type\":\"ImageObject\",\"inLanguage\":\"en-GB\",\"@id\":\"https:\\\/\\\/www.kiddoo.ee\\\/en\\\/product\\\/nimeline-lutikett\\\/#primaryimage\",\"url\":\"https:\\\/\\\/kiddoo.ee\\\/wp-content\\\/uploads\\\/2021\\\/09\\\/IMG_E5383.jpg\",\"contentUrl\":\"https:\\\/\\\/kiddoo.ee\\\/wp-content\\\/uploads\\\/2021\\\/09\\\/IMG_E5383.jpg\",\"width\":2138,\"height\":2138},{\"@type\":\"BreadcrumbList\",\"@id\":\"https:\\\/\\\/www.kiddoo.ee\\\/en\\\/product\\\/nimeline-lutikett\\\/#breadcrumb\",\"itemListElement\":[{\"@type\":\"ListItem\",\"position\":1,\"name\":\"Home\",\"item\":\"http:\\\/\\\/kiddoo.ee\\\/\"},{\"@type\":\"ListItem\",\"position\":2,\"name\":\"Pood\",\"item\":\"https:\\\/\\\/kiddoo.ee\\\/en\\\/shop\\\/\"},{\"@type\":\"ListItem\",\"position\":3,\"name\":\"Nimeline lutikett beebile &#8211; valmistatud k\u00e4sit\u00f6\u00f6na Eestis\"}]},{\"@type\":\"WebSite\",\"@id\":\"http:\\\/\\\/kiddoo.ee\\\/#website\",\"url\":\"http:\\\/\\\/kiddoo.ee\\\/\",\"name\":\"Kiddoo\",\"description\":\"Kvaliteet ja Eesti disain sinu lapsele\",\"publisher\":{\"@id\":\"http:\\\/\\\/kiddoo.ee\\\/#organization\"},\"potentialAction\":[{\"@type\":\"SearchAction\",\"target\":{\"@type\":\"EntryPoint\",\"urlTemplate\":\"http:\\\/\\\/kiddoo.ee\\\/?s={search_term_string}\"},\"query-input\":{\"@type\":\"PropertyValueSpecification\",\"valueRequired\":true,\"valueName\":\"search_term_string\"}}],\"inLanguage\":\"en-GB\"},{\"@type\":\"Organization\",\"@id\":\"http:\\\/\\\/kiddoo.ee\\\/#organization\",\"name\":\"Kiddoo\",\"url\":\"http:\\\/\\\/kiddoo.ee\\\/\",\"logo\":{\"@type\":\"ImageObject\",\"inLanguage\":\"en-GB\",\"@id\":\"http:\\\/\\\/kiddoo.ee\\\/#\\\/schema\\\/logo\\\/image\\\/\",\"url\":\"https:\\\/\\\/kiddoo.ee\\\/wp-content\\\/uploads\\\/2021\\\/10\\\/logo-04-scaled.jpg\",\"contentUrl\":\"https:\\\/\\\/kiddoo.ee\\\/wp-content\\\/uploads\\\/2021\\\/10\\\/logo-04-scaled.jpg\",\"width\":2560,\"height\":2560,\"caption\":\"Kiddoo\"},\"image\":{\"@id\":\"http:\\\/\\\/kiddoo.ee\\\/#\\\/schema\\\/logo\\\/image\\\/\"},\"sameAs\":[\"https:\\\/\\\/www.facebook.com\\\/Kiddoo-103191601863440\"]}]}<\/script>\n<!-- \/ Yoast SEO plugin. -->","yoast_head_json":{"title":"Nimeline lutikett \u2013 personaalse nimega ja ohutu- Kiddoo.ee","description":"Nimeline lutikett lapsele, valmistatud k\u00e4sit\u00f6\u00f6na Eestis. Silikoonist ja puidust, masseerib igemeid, ohutu ja personaalse nimega kingitus.","robots":{"index":"index","follow":"follow","max-snippet":"max-snippet:-1","max-image-preview":"max-image-preview:large","max-video-preview":"max-video-preview:-1"},"canonical":"https:\/\/www.kiddoo.ee\/en\/product\/nimeline-lutikett\/","og_locale":"en_GB","og_type":"article","og_title":"Nimeline lutikett \u2013 personaalse nimega ja ohutu- Kiddoo.ee","og_description":"Nimeline lutikett lapsele, valmistatud k\u00e4sit\u00f6\u00f6na Eestis. Silikoonist ja puidust, masseerib igemeid, ohutu ja personaalse nimega kingitus.","og_url":"https:\/\/www.kiddoo.ee\/en\/product\/nimeline-lutikett\/","og_site_name":"Kiddoo","article_publisher":"https:\/\/www.facebook.com\/Kiddoo-103191601863440","article_modified_time":"2026-04-24T06:17:28+00:00","og_image":[{"width":2138,"height":2138,"url":"https:\/\/kiddoo.ee\/wp-content\/uploads\/2021\/09\/IMG_E5383.jpg","type":"image\/jpeg"}],"twitter_card":"summary_large_image","twitter_misc":{"Estimated reading time":"1 minute"},"schema":{"@context":"https:\/\/schema.org","@graph":[{"@type":"WebPage","@id":"https:\/\/www.kiddoo.ee\/en\/product\/nimeline-lutikett\/","url":"https:\/\/www.kiddoo.ee\/en\/product\/nimeline-lutikett\/","name":"Nimeline lutikett \u2013 personaalse nimega ja ohutu- Kiddoo.ee","isPartOf":{"@id":"http:\/\/kiddoo.ee\/#website"},"primaryImageOfPage":{"@id":"https:\/\/www.kiddoo.ee\/en\/product\/nimeline-lutikett\/#primaryimage"},"image":{"@id":"https:\/\/www.kiddoo.ee\/en\/product\/nimeline-lutikett\/#primaryimage"},"thumbnailUrl":"https:\/\/kiddoo.ee\/wp-content\/uploads\/2021\/09\/IMG_E5383.jpg","datePublished":"2022-03-02T10:48:21+00:00","dateModified":"2026-04-24T06:17:28+00:00","description":"Nimeline lutikett lapsele, valmistatud k\u00e4sit\u00f6\u00f6na Eestis. Silikoonist ja puidust, masseerib igemeid, ohutu ja personaalse nimega kingitus.","breadcrumb":{"@id":"https:\/\/www.kiddoo.ee\/en\/product\/nimeline-lutikett\/#breadcrumb"},"inLanguage":"en-GB","potentialAction":[{"@type":"ReadAction","target":["https:\/\/www.kiddoo.ee\/en\/product\/nimeline-lutikett\/"]}]},{"@type":"ImageObject","inLanguage":"en-GB","@id":"https:\/\/www.kiddoo.ee\/en\/product\/nimeline-lutikett\/#primaryimage","url":"https:\/\/kiddoo.ee\/wp-content\/uploads\/2021\/09\/IMG_E5383.jpg","contentUrl":"https:\/\/kiddoo.ee\/wp-content\/uploads\/2021\/09\/IMG_E5383.jpg","width":2138,"height":2138},{"@type":"BreadcrumbList","@id":"https:\/\/www.kiddoo.ee\/en\/product\/nimeline-lutikett\/#breadcrumb","itemListElement":[{"@type":"ListItem","position":1,"name":"Home","item":"http:\/\/kiddoo.ee\/"},{"@type":"ListItem","position":2,"name":"Pood","item":"https:\/\/kiddoo.ee\/en\/shop\/"},{"@type":"ListItem","position":3,"name":"Nimeline lutikett beebile &#8211; valmistatud k\u00e4sit\u00f6\u00f6na Eestis"}]},{"@type":"WebSite","@id":"http:\/\/kiddoo.ee\/#website","url":"http:\/\/kiddoo.ee\/","name":"Kiddoo","description":"Kvaliteet ja Eesti disain sinu lapsele","publisher":{"@id":"http:\/\/kiddoo.ee\/#organization"},"potentialAction":[{"@type":"SearchAction","target":{"@type":"EntryPoint","urlTemplate":"http:\/\/kiddoo.ee\/?s={search_term_string}"},"query-input":{"@type":"PropertyValueSpecification","valueRequired":true,"valueName":"search_term_string"}}],"inLanguage":"en-GB"},{"@type":"Organization","@id":"http:\/\/kiddoo.ee\/#organization","name":"Kiddoo","url":"http:\/\/kiddoo.ee\/","logo":{"@type":"ImageObject","inLanguage":"en-GB","@id":"http:\/\/kiddoo.ee\/#\/schema\/logo\/image\/","url":"https:\/\/kiddoo.ee\/wp-content\/uploads\/2021\/10\/logo-04-scaled.jpg","contentUrl":"https:\/\/kiddoo.ee\/wp-content\/uploads\/2021\/10\/logo-04-scaled.jpg","width":2560,"height":2560,"caption":"Kiddoo"},"image":{"@id":"http:\/\/kiddoo.ee\/#\/schema\/logo\/image\/"},"sameAs":["https:\/\/www.facebook.com\/Kiddoo-103191601863440"]}]}},"_links":{"self":[{"href":"https:\/\/www.kiddoo.ee\/en\/wp-json\/wp\/v2\/product\/1759","targetHints":{"allow":["GET"]}}],"collection":[{"href":"https:\/\/www.kiddoo.ee\/en\/wp-json\/wp\/v2\/product"}],"about":[{"href":"https:\/\/www.kiddoo.ee\/en\/wp-json\/wp\/v2\/types\/product"}],"wp:featuredmedia":[{"embeddable":true,"href":"https:\/\/www.kiddoo.ee\/en\/wp-json\/wp\/v2\/media\/1180"}],"wp:attachment":[{"href":"https:\/\/www.kiddoo.ee\/en\/wp-json\/wp\/v2\/media?parent=1759"}],"wp:term":[{"taxonomy":"product_brand","embeddable":true,"href":"https:\/\/www.kiddoo.ee\/en\/wp-json\/wp\/v2\/product_brand?post=1759"},{"taxonomy":"product_cat","embeddable":true,"href":"https:\/\/www.kiddoo.ee\/en\/wp-json\/wp\/v2\/product_cat?post=1759"},{"taxonomy":"product_tag","embeddable":true,"href":"https:\/\/www.kiddoo.ee\/en\/wp-json\/wp\/v2\/product_tag?post=1759"}],"curies":[{"name":"wp","href":"https:\/\/api.w.org\/{rel}","templated":true}]}}