{"id":3581,"date":"2023-11-04T18:00:35","date_gmt":"2023-11-04T18:00:35","guid":{"rendered":"https:\/\/kiddoo.ee\/?post_type=product&#038;p=3581"},"modified":"2025-11-30T21:55:41","modified_gmt":"2025-11-30T21:55:41","slug":"laste-sokid-ash-pink-mint-12-24m","status":"publish","type":"product","link":"http:\/\/www.kiddoo.ee\/en\/product\/laste-sokid-ash-pink-mint-12-24m\/","title":{"rendered":"Laste sokid Ash pink, Mint 12-24m"},"content":{"rendered":"<p style=\"padding-left: 40px;\">Bambussokkide komplektis on kaks paari sokke. \u00dcks paar Ash pink ja teine Mint toonis.<\/p>\n<p>Bamboo Socks are non-slip socks in soft bamboo, with non-slip soles and rubber pads on top of the toes, make sure your child does not slide on slippery surfaces when starting to crawl and walk.\nThe bamboo material is very soft and feels like a combination of silk and cashmere and is therefore very suitable for sensitive baby skin. The non-slip socks will stimulate your child\u2019s motor skills, balance, and self-confidence.<\/p>\n<p>The bamboo material is very soft and feels like a combination of silk and cashmere and is therefore very suitable for sensitive baby skin. The non-slip socks will stimulate your child\u2019s motor skills, balance, and self-confidence.<br \/>\nThe socks are available in two sizes and five colors.<\/p>\n<ul>\n<li>Made from soft bamboo viscose, which is very suitable for sensitive baby skin<\/li>\n<li>The material is soft and silky and does not become stuffy during washing and application<\/li>\n<li>Bamboo has an excellent thermoregulatory property that keeps feet warm but does not sweat<\/li>\n<li>Dimensions:<br \/>\n6k - 1.5a feet 10 cm long. the width of the blade measured at the top is 6.5 cm<br \/>\n1a - 2.5a sole length 12 cm, blade width measured at the top 7 cm<\/li>\n<li>Antibacterial and antiperspirant<\/li>\n<li>Absorbs 60% better moisture than cotton<\/li>\n<li>Hypoallergenic and suitable for sensitive skin<\/li>\n<li>OEKO-TEX\u00ae standard 100<\/li>\n<li>Gentle machine wash up to 30 degrees. Shrinks up to 10%<\/li>\n<li>Estonian design<\/li>\n<\/ul>","protected":false},"excerpt":{"rendered":"<p>Delivery time 3-7 working days<\/p>","protected":false},"featured_media":2031,"template":"","meta":[],"product_brand":[],"product_cat":[281,307,282],"product_tag":[],"class_list":{"0":"post-3581","1":"product","2":"type-product","3":"status-publish","4":"has-post-thumbnail","6":"product_cat-bambussokid","7":"product_cat-sale","8":"product_cat-sokikomplekt","10":"first","11":"instock","12":"sale","13":"taxable","14":"shipping-taxable","15":"purchasable","16":"product-type-simple"},"yoast_head":"<!-- This site is optimized with the Yoast SEO plugin v27.5 - https:\/\/yoast.com\/product\/yoast-seo-wordpress\/ -->\n<title>Laste sokid Ash pink, Mint 12-24m - Kiddoo<\/title>\n<meta name=\"robots\" content=\"index, follow, max-snippet:-1, max-image-preview:large, max-video-preview:-1\" \/>\n<link rel=\"canonical\" href=\"http:\/\/www.kiddoo.ee\/en\/product\/laste-sokid-ash-pink-mint-12-24m\/\" \/>\n<meta property=\"og:locale\" content=\"en_GB\" \/>\n<meta property=\"og:type\" content=\"article\" \/>\n<meta property=\"og:title\" content=\"Laste sokid Ash pink, Mint 12-24m - Kiddoo\" \/>\n<meta property=\"og:description\" content=\"Tarneaeg 3-7 t\u00f6\u00f6p\u00e4eva\" \/>\n<meta property=\"og:url\" content=\"http:\/\/www.kiddoo.ee\/en\/product\/laste-sokid-ash-pink-mint-12-24m\/\" \/>\n<meta property=\"og:site_name\" content=\"Kiddoo\" \/>\n<meta property=\"article:publisher\" content=\"https:\/\/www.facebook.com\/Kiddoo-103191601863440\" \/>\n<meta property=\"article:modified_time\" content=\"2025-11-30T21:55:41+00:00\" \/>\n<meta property=\"og:image\" content=\"http:\/\/www.kiddoo.ee\/wp-content\/uploads\/2022\/05\/IMG_9695_jpg-scaled.jpeg\" \/>\n\t<meta property=\"og:image:width\" content=\"2560\" \/>\n\t<meta property=\"og:image:height\" content=\"2560\" \/>\n\t<meta property=\"og:image:type\" content=\"image\/jpeg\" \/>\n<meta name=\"twitter:card\" content=\"summary_large_image\" \/>\n<meta name=\"twitter:label1\" content=\"Estimated reading time\" \/>\n\t<meta name=\"twitter:data1\" content=\"1 minute\" \/>\n<script type=\"application\/ld+json\" class=\"yoast-schema-graph\">{\"@context\":\"https:\\\/\\\/schema.org\",\"@graph\":[{\"@type\":\"WebPage\",\"@id\":\"http:\\\/\\\/www.kiddoo.ee\\\/en\\\/product\\\/laste-sokid-ash-pink-mint-12-24m\\\/\",\"url\":\"http:\\\/\\\/www.kiddoo.ee\\\/en\\\/product\\\/laste-sokid-ash-pink-mint-12-24m\\\/\",\"name\":\"Laste sokid Ash pink, Mint 12-24m - Kiddoo\",\"isPartOf\":{\"@id\":\"http:\\\/\\\/kiddoo.ee\\\/#website\"},\"primaryImageOfPage\":{\"@id\":\"http:\\\/\\\/www.kiddoo.ee\\\/en\\\/product\\\/laste-sokid-ash-pink-mint-12-24m\\\/#primaryimage\"},\"image\":{\"@id\":\"http:\\\/\\\/www.kiddoo.ee\\\/en\\\/product\\\/laste-sokid-ash-pink-mint-12-24m\\\/#primaryimage\"},\"thumbnailUrl\":\"http:\\\/\\\/www.kiddoo.ee\\\/wp-content\\\/uploads\\\/2022\\\/05\\\/IMG_9695_jpg-scaled.jpeg\",\"datePublished\":\"2023-11-04T18:00:35+00:00\",\"dateModified\":\"2025-11-30T21:55:41+00:00\",\"breadcrumb\":{\"@id\":\"http:\\\/\\\/www.kiddoo.ee\\\/en\\\/product\\\/laste-sokid-ash-pink-mint-12-24m\\\/#breadcrumb\"},\"inLanguage\":\"en-GB\",\"potentialAction\":[{\"@type\":\"ReadAction\",\"target\":[\"http:\\\/\\\/www.kiddoo.ee\\\/en\\\/product\\\/laste-sokid-ash-pink-mint-12-24m\\\/\"]}]},{\"@type\":\"ImageObject\",\"inLanguage\":\"en-GB\",\"@id\":\"http:\\\/\\\/www.kiddoo.ee\\\/en\\\/product\\\/laste-sokid-ash-pink-mint-12-24m\\\/#primaryimage\",\"url\":\"http:\\\/\\\/www.kiddoo.ee\\\/wp-content\\\/uploads\\\/2022\\\/05\\\/IMG_9695_jpg-scaled.jpeg\",\"contentUrl\":\"http:\\\/\\\/www.kiddoo.ee\\\/wp-content\\\/uploads\\\/2022\\\/05\\\/IMG_9695_jpg-scaled.jpeg\",\"width\":2560,\"height\":2560},{\"@type\":\"BreadcrumbList\",\"@id\":\"http:\\\/\\\/www.kiddoo.ee\\\/en\\\/product\\\/laste-sokid-ash-pink-mint-12-24m\\\/#breadcrumb\",\"itemListElement\":[{\"@type\":\"ListItem\",\"position\":1,\"name\":\"Home\",\"item\":\"http:\\\/\\\/kiddoo.ee\\\/\"},{\"@type\":\"ListItem\",\"position\":2,\"name\":\"Pood\",\"item\":\"https:\\\/\\\/kiddoo.ee\\\/en\\\/shop\\\/\"},{\"@type\":\"ListItem\",\"position\":3,\"name\":\"Laste sokid Ash pink, Mint 12-24m\"}]},{\"@type\":\"WebSite\",\"@id\":\"http:\\\/\\\/kiddoo.ee\\\/#website\",\"url\":\"http:\\\/\\\/kiddoo.ee\\\/\",\"name\":\"Kiddoo\",\"description\":\"Kvaliteet ja Eesti disain sinu lapsele\",\"publisher\":{\"@id\":\"http:\\\/\\\/kiddoo.ee\\\/#organization\"},\"potentialAction\":[{\"@type\":\"SearchAction\",\"target\":{\"@type\":\"EntryPoint\",\"urlTemplate\":\"http:\\\/\\\/kiddoo.ee\\\/?s={search_term_string}\"},\"query-input\":{\"@type\":\"PropertyValueSpecification\",\"valueRequired\":true,\"valueName\":\"search_term_string\"}}],\"inLanguage\":\"en-GB\"},{\"@type\":\"Organization\",\"@id\":\"http:\\\/\\\/kiddoo.ee\\\/#organization\",\"name\":\"Kiddoo\",\"url\":\"http:\\\/\\\/kiddoo.ee\\\/\",\"logo\":{\"@type\":\"ImageObject\",\"inLanguage\":\"en-GB\",\"@id\":\"http:\\\/\\\/kiddoo.ee\\\/#\\\/schema\\\/logo\\\/image\\\/\",\"url\":\"https:\\\/\\\/kiddoo.ee\\\/wp-content\\\/uploads\\\/2021\\\/10\\\/logo-04-scaled.jpg\",\"contentUrl\":\"https:\\\/\\\/kiddoo.ee\\\/wp-content\\\/uploads\\\/2021\\\/10\\\/logo-04-scaled.jpg\",\"width\":2560,\"height\":2560,\"caption\":\"Kiddoo\"},\"image\":{\"@id\":\"http:\\\/\\\/kiddoo.ee\\\/#\\\/schema\\\/logo\\\/image\\\/\"},\"sameAs\":[\"https:\\\/\\\/www.facebook.com\\\/Kiddoo-103191601863440\"]}]}<\/script>\n<!-- \/ Yoast SEO plugin. -->","yoast_head_json":{"title":"Laste sokid Ash pink, Mint 12-24m - Kiddoo","robots":{"index":"index","follow":"follow","max-snippet":"max-snippet:-1","max-image-preview":"max-image-preview:large","max-video-preview":"max-video-preview:-1"},"canonical":"http:\/\/www.kiddoo.ee\/en\/product\/laste-sokid-ash-pink-mint-12-24m\/","og_locale":"en_GB","og_type":"article","og_title":"Laste sokid Ash pink, Mint 12-24m - Kiddoo","og_description":"Tarneaeg 3-7 t\u00f6\u00f6p\u00e4eva","og_url":"http:\/\/www.kiddoo.ee\/en\/product\/laste-sokid-ash-pink-mint-12-24m\/","og_site_name":"Kiddoo","article_publisher":"https:\/\/www.facebook.com\/Kiddoo-103191601863440","article_modified_time":"2025-11-30T21:55:41+00:00","og_image":[{"width":2560,"height":2560,"url":"http:\/\/www.kiddoo.ee\/wp-content\/uploads\/2022\/05\/IMG_9695_jpg-scaled.jpeg","type":"image\/jpeg"}],"twitter_card":"summary_large_image","twitter_misc":{"Estimated reading time":"1 minute"},"schema":{"@context":"https:\/\/schema.org","@graph":[{"@type":"WebPage","@id":"http:\/\/www.kiddoo.ee\/en\/product\/laste-sokid-ash-pink-mint-12-24m\/","url":"http:\/\/www.kiddoo.ee\/en\/product\/laste-sokid-ash-pink-mint-12-24m\/","name":"Laste sokid Ash pink, Mint 12-24m - Kiddoo","isPartOf":{"@id":"http:\/\/kiddoo.ee\/#website"},"primaryImageOfPage":{"@id":"http:\/\/www.kiddoo.ee\/en\/product\/laste-sokid-ash-pink-mint-12-24m\/#primaryimage"},"image":{"@id":"http:\/\/www.kiddoo.ee\/en\/product\/laste-sokid-ash-pink-mint-12-24m\/#primaryimage"},"thumbnailUrl":"http:\/\/www.kiddoo.ee\/wp-content\/uploads\/2022\/05\/IMG_9695_jpg-scaled.jpeg","datePublished":"2023-11-04T18:00:35+00:00","dateModified":"2025-11-30T21:55:41+00:00","breadcrumb":{"@id":"http:\/\/www.kiddoo.ee\/en\/product\/laste-sokid-ash-pink-mint-12-24m\/#breadcrumb"},"inLanguage":"en-GB","potentialAction":[{"@type":"ReadAction","target":["http:\/\/www.kiddoo.ee\/en\/product\/laste-sokid-ash-pink-mint-12-24m\/"]}]},{"@type":"ImageObject","inLanguage":"en-GB","@id":"http:\/\/www.kiddoo.ee\/en\/product\/laste-sokid-ash-pink-mint-12-24m\/#primaryimage","url":"http:\/\/www.kiddoo.ee\/wp-content\/uploads\/2022\/05\/IMG_9695_jpg-scaled.jpeg","contentUrl":"http:\/\/www.kiddoo.ee\/wp-content\/uploads\/2022\/05\/IMG_9695_jpg-scaled.jpeg","width":2560,"height":2560},{"@type":"BreadcrumbList","@id":"http:\/\/www.kiddoo.ee\/en\/product\/laste-sokid-ash-pink-mint-12-24m\/#breadcrumb","itemListElement":[{"@type":"ListItem","position":1,"name":"Home","item":"http:\/\/kiddoo.ee\/"},{"@type":"ListItem","position":2,"name":"Pood","item":"https:\/\/kiddoo.ee\/en\/shop\/"},{"@type":"ListItem","position":3,"name":"Laste sokid Ash pink, Mint 12-24m"}]},{"@type":"WebSite","@id":"http:\/\/kiddoo.ee\/#website","url":"http:\/\/kiddoo.ee\/","name":"Kiddoo","description":"Kvaliteet ja Eesti disain sinu lapsele","publisher":{"@id":"http:\/\/kiddoo.ee\/#organization"},"potentialAction":[{"@type":"SearchAction","target":{"@type":"EntryPoint","urlTemplate":"http:\/\/kiddoo.ee\/?s={search_term_string}"},"query-input":{"@type":"PropertyValueSpecification","valueRequired":true,"valueName":"search_term_string"}}],"inLanguage":"en-GB"},{"@type":"Organization","@id":"http:\/\/kiddoo.ee\/#organization","name":"Kiddoo","url":"http:\/\/kiddoo.ee\/","logo":{"@type":"ImageObject","inLanguage":"en-GB","@id":"http:\/\/kiddoo.ee\/#\/schema\/logo\/image\/","url":"https:\/\/kiddoo.ee\/wp-content\/uploads\/2021\/10\/logo-04-scaled.jpg","contentUrl":"https:\/\/kiddoo.ee\/wp-content\/uploads\/2021\/10\/logo-04-scaled.jpg","width":2560,"height":2560,"caption":"Kiddoo"},"image":{"@id":"http:\/\/kiddoo.ee\/#\/schema\/logo\/image\/"},"sameAs":["https:\/\/www.facebook.com\/Kiddoo-103191601863440"]}]}},"_links":{"self":[{"href":"http:\/\/www.kiddoo.ee\/en\/wp-json\/wp\/v2\/product\/3581","targetHints":{"allow":["GET"]}}],"collection":[{"href":"http:\/\/www.kiddoo.ee\/en\/wp-json\/wp\/v2\/product"}],"about":[{"href":"http:\/\/www.kiddoo.ee\/en\/wp-json\/wp\/v2\/types\/product"}],"wp:featuredmedia":[{"embeddable":true,"href":"http:\/\/www.kiddoo.ee\/en\/wp-json\/wp\/v2\/media\/2031"}],"wp:attachment":[{"href":"http:\/\/www.kiddoo.ee\/en\/wp-json\/wp\/v2\/media?parent=3581"}],"wp:term":[{"taxonomy":"product_brand","embeddable":true,"href":"http:\/\/www.kiddoo.ee\/en\/wp-json\/wp\/v2\/product_brand?post=3581"},{"taxonomy":"product_cat","embeddable":true,"href":"http:\/\/www.kiddoo.ee\/en\/wp-json\/wp\/v2\/product_cat?post=3581"},{"taxonomy":"product_tag","embeddable":true,"href":"http:\/\/www.kiddoo.ee\/en\/wp-json\/wp\/v2\/product_tag?post=3581"}],"curies":[{"name":"wp","href":"https:\/\/api.w.org\/{rel}","templated":true}]}}